{"id":1294,"date":"2022-01-04T13:34:21","date_gmt":"2022-01-04T11:34:21","guid":{"rendered":"http:\/\/www.aquacalculator.com\/wordpress\/?page_id=1294"},"modified":"2023-08-06T12:56:42","modified_gmt":"2023-08-06T10:56:42","slug":"por_de","status":"publish","type":"page","link":"https:\/\/www.aquacalculator.com\/wordpress\/por_de\/","title":{"rendered":"Portal (DE)"},"content":{"rendered":"\t\t<div data-elementor-type=\"wp-page\" data-elementor-id=\"1294\" class=\"elementor elementor-1294\" data-elementor-post-type=\"page\">\n\t\t\t\t<div class=\"elementor-element elementor-element-211c6fd9 e-flex e-con-boxed e-con e-parent\" data-id=\"211c6fd9\" data-element_type=\"container\" data-e-type=\"container\" data-settings=\"{&quot;background_background&quot;:&quot;classic&quot;}\">\n\t\t\t\t\t<div class=\"e-con-inner\">\n\t\t\t\t<div class=\"elementor-element elementor-element-1b1846fa elementor-nav-menu--dropdown-tablet elementor-nav-menu__text-align-aside elementor-nav-menu--toggle elementor-nav-menu--burger elementor-widget elementor-widget-nav-menu\" data-id=\"1b1846fa\" data-element_type=\"widget\" data-e-type=\"widget\" data-settings=\"{&quot;layout&quot;:&quot;horizontal&quot;,&quot;submenu_icon&quot;:{&quot;value&quot;:&quot;&lt;svg aria-hidden=\\&quot;true\\&quot; class=\\&quot;e-font-icon-svg e-fas-caret-down\\&quot; viewBox=\\&quot;0 0 320 512\\&quot; xmlns=\\&quot;http:\\\/\\\/www.w3.org\\\/2000\\\/svg\\&quot;&gt;&lt;path d=\\&quot;M31.3 192h257.3c17.8 0 26.7 21.5 14.1 34.1L174.1 354.8c-7.8 7.8-20.5 7.8-28.3 0L17.2 226.1C4.6 213.5 13.5 192 31.3 192z\\&quot;&gt;&lt;\\\/path&gt;&lt;\\\/svg&gt;&quot;,&quot;library&quot;:&quot;fa-solid&quot;},&quot;toggle&quot;:&quot;burger&quot;}\" data-widget_type=\"nav-menu.default\">\n\t\t\t\t\t\t\t\t<nav aria-label=\"Men\u00fc\" class=\"elementor-nav-menu--main elementor-nav-menu__container elementor-nav-menu--layout-horizontal e--pointer-underline e--animation-fade\">\n\t\t\t\t<ul id=\"menu-1-1b1846fa\" class=\"elementor-nav-menu\"><li class=\"menu-item menu-item-type-post_type menu-item-object-page menu-item-home menu-item-2897\"><a href=\"https:\/\/www.aquacalculator.com\/wordpress\/language\/de\/\" class=\"elementor-item menu-link\">Home<\/a><\/li>\n<li class=\"menu-item menu-item-type-post_type menu-item-object-page menu-item-has-children menu-item-3040\"><a href=\"https:\/\/www.aquacalculator.com\/wordpress\/myhome-de-2\/\" class=\"elementor-item menu-link\">W\u00e4hle deine Version &#8230;.<span role=\"application\" class=\"dropdown-menu-toggle ast-header-navigation-arrow\" tabindex=\"0\" aria-expanded=\"false\" aria-label=\"Men\u00fc umschalten\" ><\/span><\/a>\n<ul class=\"sub-menu elementor-nav-menu--dropdown\">\n\t<li class=\"menu-item menu-item-type-post_type menu-item-object-page menu-item-2566\"><a href=\"https:\/\/www.aquacalculator.com\/wordpress\/win_de\/\" class=\"elementor-sub-item menu-link\">Microsoft Windows<\/a><\/li>\n\t<li class=\"menu-item menu-item-type-post_type menu-item-object-page menu-item-2567\"><a href=\"https:\/\/www.aquacalculator.com\/wordpress\/app_de\/\" class=\"elementor-sub-item menu-link\">Apple Ger\u00e4te<\/a><\/li>\n\t<li class=\"menu-item menu-item-type-post_type menu-item-object-page menu-item-2568\"><a href=\"https:\/\/www.aquacalculator.com\/wordpress\/and_de\/\" class=\"elementor-sub-item menu-link\">Android Ger\u00e4te<\/a><\/li>\n<\/ul>\n<\/li>\n<li class=\"menu-item menu-item-type-post_type menu-item-object-page menu-item-1405\"><a href=\"https:\/\/www.aquacalculator.com\/wordpress\/faq_de\/\" class=\"elementor-item menu-link\">Meerwasser FAQs<\/a><\/li>\n<li class=\"menu-item menu-item-type-post_type menu-item-object-page menu-item-3641\"><a href=\"https:\/\/www.aquacalculator.com\/wordpress\/support_de\/\" class=\"elementor-item menu-link\">Support<\/a><\/li>\n<li class=\"menu-item menu-item-type-post_type menu-item-object-page menu-item-1408\"><a href=\"https:\/\/www.aquacalculator.com\/wordpress\/por_de\/\" class=\"elementor-item menu-link\">Portal<\/a><\/li>\n<li class=\"menu-item menu-item-type-custom menu-item-object-custom menu-item-1537\"><a href=\"#pll_switcher\" class=\"elementor-item elementor-item-anchor menu-link\">Sprachen<\/a><\/li>\n<\/ul>\t\t\t<\/nav>\n\t\t\t\t\t<div class=\"elementor-menu-toggle\" role=\"button\" tabindex=\"0\" aria-label=\"Men\u00fc Umschalter\" aria-expanded=\"false\">\n\t\t\t<svg aria-hidden=\"true\" role=\"presentation\" class=\"elementor-menu-toggle__icon--open e-font-icon-svg e-eicon-menu-bar\" viewBox=\"0 0 1000 1000\" xmlns=\"http:\/\/www.w3.org\/2000\/svg\"><path d=\"M104 333H896C929 333 958 304 958 271S929 208 896 208H104C71 208 42 237 42 271S71 333 104 333ZM104 583H896C929 583 958 554 958 521S929 458 896 458H104C71 458 42 487 42 521S71 583 104 583ZM104 833H896C929 833 958 804 958 771S929 708 896 708H104C71 708 42 737 42 771S71 833 104 833Z\"><\/path><\/svg><svg aria-hidden=\"true\" role=\"presentation\" class=\"elementor-menu-toggle__icon--close e-font-icon-svg e-eicon-close\" viewBox=\"0 0 1000 1000\" xmlns=\"http:\/\/www.w3.org\/2000\/svg\"><path d=\"M742 167L500 408 258 167C246 154 233 150 217 150 196 150 179 158 167 167 154 179 150 196 150 212 150 229 154 242 171 254L408 500 167 742C138 771 138 800 167 829 196 858 225 858 254 829L496 587 738 829C750 842 767 846 783 846 800 846 817 842 829 829 842 817 846 804 846 783 846 767 842 750 829 737L588 500 833 258C863 229 863 200 833 171 804 137 775 137 742 167Z\"><\/path><\/svg>\t\t<\/div>\n\t\t\t\t\t<nav class=\"elementor-nav-menu--dropdown elementor-nav-menu__container\" aria-hidden=\"true\">\n\t\t\t\t<ul id=\"menu-2-1b1846fa\" class=\"elementor-nav-menu\"><li class=\"menu-item menu-item-type-post_type menu-item-object-page menu-item-home menu-item-2897\"><a href=\"https:\/\/www.aquacalculator.com\/wordpress\/language\/de\/\" class=\"elementor-item menu-link\" tabindex=\"-1\">Home<\/a><\/li>\n<li class=\"menu-item menu-item-type-post_type menu-item-object-page menu-item-has-children menu-item-3040\"><a href=\"https:\/\/www.aquacalculator.com\/wordpress\/myhome-de-2\/\" class=\"elementor-item menu-link\" tabindex=\"-1\">W\u00e4hle deine Version &#8230;.<span role=\"application\" class=\"dropdown-menu-toggle ast-header-navigation-arrow\" tabindex=\"0\" aria-expanded=\"false\" aria-label=\"Men\u00fc umschalten\" ><\/span><\/a>\n<ul class=\"sub-menu elementor-nav-menu--dropdown\">\n\t<li class=\"menu-item menu-item-type-post_type menu-item-object-page menu-item-2566\"><a href=\"https:\/\/www.aquacalculator.com\/wordpress\/win_de\/\" class=\"elementor-sub-item menu-link\" tabindex=\"-1\">Microsoft Windows<\/a><\/li>\n\t<li class=\"menu-item menu-item-type-post_type menu-item-object-page menu-item-2567\"><a href=\"https:\/\/www.aquacalculator.com\/wordpress\/app_de\/\" class=\"elementor-sub-item menu-link\" tabindex=\"-1\">Apple Ger\u00e4te<\/a><\/li>\n\t<li class=\"menu-item menu-item-type-post_type menu-item-object-page menu-item-2568\"><a href=\"https:\/\/www.aquacalculator.com\/wordpress\/and_de\/\" class=\"elementor-sub-item menu-link\" tabindex=\"-1\">Android Ger\u00e4te<\/a><\/li>\n<\/ul>\n<\/li>\n<li class=\"menu-item menu-item-type-post_type menu-item-object-page menu-item-1405\"><a href=\"https:\/\/www.aquacalculator.com\/wordpress\/faq_de\/\" class=\"elementor-item menu-link\" tabindex=\"-1\">Meerwasser FAQs<\/a><\/li>\n<li class=\"menu-item menu-item-type-post_type menu-item-object-page menu-item-3641\"><a href=\"https:\/\/www.aquacalculator.com\/wordpress\/support_de\/\" class=\"elementor-item menu-link\" tabindex=\"-1\">Support<\/a><\/li>\n<li class=\"menu-item menu-item-type-post_type menu-item-object-page menu-item-1408\"><a href=\"https:\/\/www.aquacalculator.com\/wordpress\/por_de\/\" class=\"elementor-item menu-link\" tabindex=\"-1\">Portal<\/a><\/li>\n<li class=\"menu-item menu-item-type-custom menu-item-object-custom menu-item-1537\"><a href=\"#pll_switcher\" class=\"elementor-item elementor-item-anchor menu-link\" tabindex=\"-1\">Sprachen<\/a><\/li>\n<\/ul>\t\t\t<\/nav>\n\t\t\t\t\t\t<\/div>\n\t\t\t\t\t<\/div>\n\t\t\t\t<\/div>\n\t\t<div class=\"elementor-element elementor-element-4ad5a99 e-flex e-con-boxed e-con e-parent\" data-id=\"4ad5a99\" data-element_type=\"container\" data-e-type=\"container\">\n\t\t\t\t\t<div class=\"e-con-inner\">\n\t\t<div class=\"elementor-element elementor-element-9190d22 e-con-full e-flex e-con e-child\" data-id=\"9190d22\" data-element_type=\"container\" data-e-type=\"container\">\n\t\t\t\t<div class=\"elementor-element elementor-element-ccf0c2d elementor-widget elementor-widget-heading\" data-id=\"ccf0c2d\" data-element_type=\"widget\" data-e-type=\"widget\" data-widget_type=\"heading.default\">\n\t\t\t\t\t<h2 class=\"elementor-heading-title elementor-size-default\">Besuche unser Meerwasser-Portal<\/h2>\t\t\t\t<\/div>\n\t\t\t\t<div class=\"elementor-element elementor-element-2ba7b2c elementor-widget elementor-widget-image\" data-id=\"2ba7b2c\" data-element_type=\"widget\" data-e-type=\"widget\" data-widget_type=\"image.default\">\n\t\t\t\t\t\t\t\t\t\t\t\t\t\t\t<img fetchpriority=\"high\" decoding=\"async\" width=\"1024\" height=\"300\" src=\"https:\/\/www.aquacalculator.com\/wordpress\/wp-content\/uploads\/2023\/08\/SaltwaterAquarium_Icons_1024x300.jpg\" class=\"attachment-large size-large wp-image-2767\" alt=\"\" srcset=\"https:\/\/www.aquacalculator.com\/wordpress\/wp-content\/uploads\/2023\/08\/SaltwaterAquarium_Icons_1024x300.jpg 1024w, https:\/\/www.aquacalculator.com\/wordpress\/wp-content\/uploads\/2023\/08\/SaltwaterAquarium_Icons_1024x300-300x88.jpg 300w, https:\/\/www.aquacalculator.com\/wordpress\/wp-content\/uploads\/2023\/08\/SaltwaterAquarium_Icons_1024x300-768x225.jpg 768w\" sizes=\"(max-width: 1024px) 100vw, 1024px\" \/>\t\t\t\t\t\t\t\t\t\t\t\t\t\t\t<\/div>\n\t\t\t\t<div class=\"elementor-element elementor-element-25a6ec9 elementor-align-center elementor-widget elementor-widget-button\" data-id=\"25a6ec9\" data-element_type=\"widget\" data-e-type=\"widget\" data-widget_type=\"button.default\">\n\t\t\t\t\t\t\t\t\t\t<a class=\"elementor-button elementor-button-link elementor-size-sm\" href=\"https:\/\/acalc.de\">\n\t\t\t\t\t\t<span class=\"elementor-button-content-wrapper\">\n\t\t\t\t\t\t\t\t\t<span class=\"elementor-button-text\">Hier Klicken<\/span>\n\t\t\t\t\t<\/span>\n\t\t\t\t\t<\/a>\n\t\t\t\t\t\t\t\t<\/div>\n\t\t\t\t<div class=\"elementor-element elementor-element-b714c7c elementor-widget elementor-widget-text-editor\" data-id=\"b714c7c\" data-element_type=\"widget\" data-e-type=\"widget\" data-widget_type=\"text-editor.default\">\n\t\t\t\t\t\t\t\t\t<p>Erfahre mehr \u00fcber die Funktionen der verschiedenen Versionen der AquaCalculator Apps<br>sowie \u00fcber die Daten der bereits integrierten Produkte\/Rezepturen,<\/p>\n<p>&#8230;.oder verwende die mit der aCloud verbundene Social Media Platform von AquaCalculator<\/p>\t\t\t\t\t\t\t\t<\/div>\n\t\t\t\t<div class=\"elementor-element elementor-element-47a9353 elementor-widget elementor-widget-text-editor\" data-id=\"47a9353\" data-element_type=\"widget\" data-e-type=\"widget\" data-widget_type=\"text-editor.default\">\n\t\t\t\t\t\t\t\t\t\n<h2 class=\"wp-block-heading\"><span class=\"has-inline-color has-vivid-green-cyan-color\">SEHEN<\/span><\/h2>\n\n<ul class=\"wp-block-list\">\n<li>Verschaffe Dir einen \u00dcberblick \u00fcber alle wichtigen Parameter Deiner eigenen in der aCloud gespeicherten Becken<\/li>\n<li>Erlebe Fotos der Becken anderer Riffaquarianer<\/li>\n<\/ul>\n\n<h2 class=\"wp-block-heading\"><span class=\"has-inline-color has-vivid-green-cyan-color\">TEILEN<\/span><\/h2>\n\n<ul class=\"wp-block-list\">\n<li>Gebe dein Einverst\u00e4ndnis, um anderen einen Blick auf Deine Aquarienfotos, Aquariumdokumentation und mehr zu erm\u00f6glichen.<\/li>\n<li>Sie bevorzugen mehr Privatsph\u00e4re? Verzichten Sie auf die Freigabe Ihrer Daten, was zu einem eingeschr\u00e4nkten Zugang zu den Erfahrungen anderer f\u00fchrt<\/li>\n<\/ul>\n\n<h2 class=\"wp-block-heading\"><span class=\"has-inline-color has-vivid-green-cyan-color\">LERNEN<\/span><\/h2>\n\n<ul class=\"wp-block-list\">\n<li>Lerne aus den gemachten Erfahrungen anderer<br \/>Erhalte wertvolle Einblicke, Tipps und Tricks von anderen Nutzern<\/li>\n<\/ul>\n\n<h2 class=\"wp-block-heading\"><span class=\"has-inline-color has-vivid-green-cyan-color\">AUSTAUSCHEN<\/span><\/h2>\n\n<ul class=\"wp-block-list\">\n<li>Tausche dich mit anderen AquaCalculator-Benutzern aus<\/li>\n<\/ul>\n<hr class=\"wp-block-separator\" \/>\t\t\t\t\t\t\t\t<\/div>\n\t\t\t\t<\/div>\n\t\t\t\t\t<\/div>\n\t\t\t\t<\/div>\n\t\t<div class=\"elementor-element elementor-element-46564272 e-flex e-con-boxed e-con e-parent\" data-id=\"46564272\" data-element_type=\"container\" data-e-type=\"container\" data-settings=\"{&quot;background_background&quot;:&quot;classic&quot;}\">\n\t\t\t\t\t<div class=\"e-con-inner\">\n\t\t<div class=\"elementor-element elementor-element-4335e7cb e-con-full e-flex e-con e-child\" data-id=\"4335e7cb\" data-element_type=\"container\" data-e-type=\"container\">\n\t\t\t\t<div class=\"elementor-element elementor-element-2f728cf7 elementor-widget elementor-widget-heading\" data-id=\"2f728cf7\" data-element_type=\"widget\" data-e-type=\"widget\" data-widget_type=\"heading.default\">\n\t\t\t\t\t<p class=\"elementor-heading-title elementor-size-default\">\u00a9 2023  AquaCalculator - Alle Rechte vorbehalten<br>\nMartin Kuhn | +49 160 97897123<br>\n81249 M\u00fcnchen - Deutschland<\/p>\t\t\t\t<\/div>\n\t\t\t\t<\/div>\n\t\t<div class=\"elementor-element elementor-element-73aa547c e-con-full e-flex e-con e-child\" data-id=\"73aa547c\" data-element_type=\"container\" data-e-type=\"container\">\n\t\t\t\t<div class=\"elementor-element elementor-element-2c10252e elementor-widget elementor-widget-heading\" data-id=\"2c10252e\" data-element_type=\"widget\" data-e-type=\"widget\" data-widget_type=\"heading.default\">\n\t\t\t\t\t<p class=\"elementor-heading-title elementor-size-default\"><a href=\"https:\/\/www.aquacalculator.com\/wordpress\/imprint-de\/\">Impressum<\/a><\/p>\t\t\t\t<\/div>\n\t\t\t\t<\/div>\n\t\t<div class=\"elementor-element elementor-element-77831e28 e-con-full e-flex e-con e-child\" data-id=\"77831e28\" data-element_type=\"container\" data-e-type=\"container\">\n\t\t\t\t<div class=\"elementor-element elementor-element-78f4a18b elementor-widget elementor-widget-heading\" data-id=\"78f4a18b\" data-element_type=\"widget\" data-e-type=\"widget\" data-widget_type=\"heading.default\">\n\t\t\t\t\t<p class=\"elementor-heading-title elementor-size-default\"><a href=\"https:\/\/www.aquacalculator.com\/wordpress\/datasecurity-de\/\">Datenschutz<\/a><\/p>\t\t\t\t<\/div>\n\t\t\t\t<\/div>\n\t\t<div class=\"elementor-element elementor-element-4658bea2 e-con-full e-flex e-con e-child\" data-id=\"4658bea2\" data-element_type=\"container\" data-e-type=\"container\">\n\t\t\t\t<div class=\"elementor-element elementor-element-7e56670a e-grid-align-right e-grid-align-mobile-center elementor-shape-rounded elementor-grid-0 elementor-widget elementor-widget-social-icons\" data-id=\"7e56670a\" data-element_type=\"widget\" data-e-type=\"widget\" data-widget_type=\"social-icons.default\">\n\t\t\t\t\t\t\t<div class=\"elementor-social-icons-wrapper elementor-grid\">\n\t\t\t\t\t\t\t<span class=\"elementor-grid-item\">\n\t\t\t\t\t<a class=\"elementor-icon elementor-social-icon elementor-social-icon-facebook-f elementor-repeater-item-993ef04\" href=\"https:\/\/www.facebook.com\/aquacalculatorInt\" target=\"_blank\">\n\t\t\t\t\t\t<span class=\"elementor-screen-only\">Facebook-f<\/span>\n\t\t\t\t\t\t<svg aria-hidden=\"true\" class=\"e-font-icon-svg e-fab-facebook-f\" viewBox=\"0 0 320 512\" xmlns=\"http:\/\/www.w3.org\/2000\/svg\"><path d=\"M279.14 288l14.22-92.66h-88.91v-60.13c0-25.35 12.42-50.06 52.24-50.06h40.42V6.26S260.43 0 225.36 0c-73.22 0-121.08 44.38-121.08 124.72v70.62H22.89V288h81.39v224h100.17V288z\"><\/path><\/svg>\t\t\t\t\t<\/a>\n\t\t\t\t<\/span>\n\t\t\t\t\t<\/div>\n\t\t\t\t\t\t<\/div>\n\t\t\t\t<\/div>\n\t\t\t\t\t<\/div>\n\t\t\t\t<\/div>\n\t\t\t\t<\/div>\n\t\t","protected":false},"excerpt":{"rendered":"<p>Besuche unser Meerwasser-Portal Hier Klicken Erfahre mehr \u00fcber die Funktionen der verschiedenen Versionen der AquaCalculator Appssowie \u00fcber die Daten der bereits integrierten Produkte\/Rezepturen, &#8230;.oder verwende die mit der aCloud verbundene Social Media Platform von AquaCalculator SEHEN Verschaffe Dir einen \u00dcberblick \u00fcber alle wichtigen Parameter Deiner eigenen in der aCloud gespeicherten Becken Erlebe Fotos der Becken &hellip;<\/p>\n<p class=\"read-more\"> <a class=\"\" href=\"https:\/\/www.aquacalculator.com\/wordpress\/por_de\/\"> <span class=\"screen-reader-text\">Portal (DE)<\/span> Weiterlesen &raquo;<\/a><\/p>\n","protected":false},"author":2,"featured_media":276,"parent":0,"menu_order":0,"comment_status":"closed","ping_status":"open","template":"elementor_canvas","meta":{"_monsterinsights_skip_tracking":false,"_monsterinsights_sitenote_active":false,"_monsterinsights_sitenote_note":"","_monsterinsights_sitenote_category":0,"site-sidebar-layout":"default","site-content-layout":"default","ast-global-header-display":"","ast-banner-title-visibility":"","ast-main-header-display":"","ast-hfb-above-header-display":"","ast-hfb-below-header-display":"","ast-hfb-mobile-header-display":"","site-post-title":"","ast-breadcrumbs-content":"","ast-featured-img":"","footer-sml-layout":"","theme-transparent-header-meta":"","adv-header-id-meta":"","stick-header-meta":"","header-above-stick-meta":"","header-main-stick-meta":"","header-below-stick-meta":"","footnotes":""},"class_list":["post-1294","page","type-page","status-publish","has-post-thumbnail","hentry"],"_links":{"self":[{"href":"https:\/\/www.aquacalculator.com\/wordpress\/wp-json\/wp\/v2\/pages\/1294","targetHints":{"allow":["GET"]}}],"collection":[{"href":"https:\/\/www.aquacalculator.com\/wordpress\/wp-json\/wp\/v2\/pages"}],"about":[{"href":"https:\/\/www.aquacalculator.com\/wordpress\/wp-json\/wp\/v2\/types\/page"}],"author":[{"embeddable":true,"href":"https:\/\/www.aquacalculator.com\/wordpress\/wp-json\/wp\/v2\/users\/2"}],"replies":[{"embeddable":true,"href":"https:\/\/www.aquacalculator.com\/wordpress\/wp-json\/wp\/v2\/comments?post=1294"}],"version-history":[{"count":15,"href":"https:\/\/www.aquacalculator.com\/wordpress\/wp-json\/wp\/v2\/pages\/1294\/revisions"}],"predecessor-version":[{"id":2957,"href":"https:\/\/www.aquacalculator.com\/wordpress\/wp-json\/wp\/v2\/pages\/1294\/revisions\/2957"}],"wp:featuredmedia":[{"embeddable":true,"href":"https:\/\/www.aquacalculator.com\/wordpress\/wp-json\/wp\/v2\/media\/276"}],"wp:attachment":[{"href":"https:\/\/www.aquacalculator.com\/wordpress\/wp-json\/wp\/v2\/media?parent=1294"}],"curies":[{"name":"wp","href":"https:\/\/api.w.org\/{rel}","templated":true}]}}