{"id":1938,"date":"2022-04-22T08:45:47","date_gmt":"2022-04-22T06:45:47","guid":{"rendered":"https:\/\/www.aquacalculator.com\/wordpress\/?page_id=1938"},"modified":"2023-08-05T23:20:12","modified_gmt":"2023-08-05T21:20:12","slug":"datasecurity-de","status":"publish","type":"page","link":"https:\/\/www.aquacalculator.com\/wordpress\/datasecurity-de\/","title":{"rendered":"Dataprotection (DE)"},"content":{"rendered":"\t\t<div data-elementor-type=\"wp-page\" data-elementor-id=\"1938\" class=\"elementor elementor-1938\" data-elementor-post-type=\"page\">\n\t\t\t\t<div class=\"elementor-element elementor-element-f613487 e-flex e-con-boxed e-con e-parent\" data-id=\"f613487\" data-element_type=\"container\" data-e-type=\"container\">\n\t\t\t\t\t<div class=\"e-con-inner\">\n\t\t\t\t<div class=\"elementor-element elementor-element-bc56ef6 elementor-widget elementor-widget-image\" data-id=\"bc56ef6\" data-element_type=\"widget\" data-e-type=\"widget\" data-widget_type=\"image.default\">\n\t\t\t\t\t\t\t\t\t\t\t\t\t\t\t<img fetchpriority=\"high\" decoding=\"async\" width=\"1024\" height=\"300\" src=\"https:\/\/www.aquacalculator.com\/wordpress\/wp-content\/uploads\/2023\/08\/DataProtection_1024x300.jpg\" class=\"attachment-large size-large wp-image-2585\" alt=\"Data protection\" srcset=\"https:\/\/www.aquacalculator.com\/wordpress\/wp-content\/uploads\/2023\/08\/DataProtection_1024x300.jpg 1024w, https:\/\/www.aquacalculator.com\/wordpress\/wp-content\/uploads\/2023\/08\/DataProtection_1024x300-300x88.jpg 300w, https:\/\/www.aquacalculator.com\/wordpress\/wp-content\/uploads\/2023\/08\/DataProtection_1024x300-768x225.jpg 768w\" sizes=\"(max-width: 1024px) 100vw, 1024px\" \/>\t\t\t\t\t\t\t\t\t\t\t\t\t\t\t<\/div>\n\t\t\t\t\t<\/div>\n\t\t\t\t<\/div>\n\t\t<div class=\"elementor-element elementor-element-44ff285 e-flex e-con-boxed e-con e-parent\" data-id=\"44ff285\" data-element_type=\"container\" data-e-type=\"container\">\n\t\t\t\t\t<div class=\"e-con-inner\">\n\t\t\t\t<div class=\"elementor-element elementor-element-dee582d elementor-widget elementor-widget-text-editor\" data-id=\"dee582d\" data-element_type=\"widget\" data-e-type=\"widget\" data-widget_type=\"text-editor.default\">\n\t\t\t\t\t\t\t\t\t<p><\/p>\n<p class=\"paragraph_style\">Verantwortlich im Sinne der Datenschutzgesetzes: Martin Kuhn, Estinger Stra\u00dfe 2c, 81249 M\u00fcnchen Deutschland<\/p>\n<p><\/p>\n<p><\/p>\n<p><\/p>\n<p><\/p>\n<h4 class=\"paragraph_style\">1. <strong>Datenschutz<\/strong><\/h4>\n<p><\/p>\n<p><\/p>\n<p>Als Webseitenbetreiber nehmen wir den Schutz pers\u00f6nlichen Daten ernst. Alle personenbezogenen Informationen werden vertraulich und gem\u00e4\u00df aktuell g\u00fcltiger gesetzlicher Vorschriften behandelt.<\/p>\n<p><\/p>\n<p><\/p>\n<p>Die Nutzung unserer Webseite ist ohne Angabe pers\u00f6nlicher Daten m\u00f6glich. Sollten jedoch pers\u00f6nliche Daten abgefragt werden (Name, Adresse, E-Mail-Adresse etc ), erfolgt dies auf freiwilliger Basis. Zu keiner Zeit werden von uns erhobene Daten ohne Ihre ausdr\u00fcckliche Genehmigung an Dritte weitergegeben.<\/p>\n<p><\/p>\n<p><\/p>\n<p>Wir weisen darauf hin das Daten\u00fcbertragung im Internet immer gewisse Restrisiken beinhaltet.<\/p>\n<p><\/p>\n<p><\/p>\n<p><\/p>\n<p><\/p>\n<h4 class=\"paragraph_style\">2. <strong>Auskunft, L\u00f6schung, Sperrung<\/strong><\/h4>\n<p><\/p>\n<p><\/p>\n<p class=\"paragraph_style\">Zu jedem Zeitpunkt k\u00f6nnen Sie sich \u00fcber personenbezogenen Daten, deren Herkunft, Empf\u00e4nger sowie Nutzen der Datenverarbeitung informieren und unentgeltlich eine Korrektur, Sperrung oder L\u00f6schung dieser Daten verlangen. F\u00fcr weitere Fragen zum Thema stehen wir Ihnen ebenfalls jederzeit zur Verf\u00fcgung.<\/p>\n<p><\/p>\n<p><\/p>\n<h4 class=\"paragraph_style\">3. <strong>Server-Log-Files<\/strong><\/h4>\n<p><\/p>\n<p><\/p>\n<p>Unser Seiten-Provider (Strato) erhebt und speichert automatisch Daten in Server-Log Files, die von Ihrem Browser \u00fcbermittelt werden. Diese Daten enthalten: Browsertyp\/-Version, Betriebssystem des Rechners, Referrer URL, Hostname des zugreifenden Rechners, Datum&amp;Uhrzeit der Serveranfrage.<br \/>Diese Daten sind nicht personenbezogen. Es erfolgt keine Zusammenf\u00fchrung dieser Daten mit anderen Datenquellen. Sollten uns konkrete Anhaltspunkte f\u00fcr eine rechtswidrige Nutzung bekannt werden behalten wir uns das Recht vor, diese Daten nachtr\u00e4glich zu \u00fcberpr\u00fcfen.<\/p>\n<p>\u00a0<\/p>\n<p><\/p>\n<p><\/p>\n<h4 class=\"paragraph_style\">4. <strong>Cookies<\/strong><\/h4>\n<p><\/p>\n<p><\/p>\n<p>Die meisten Internetseiten verwenden Cookies. Diese sind unsch\u00e4dlich f\u00fcr Ihren Rechner. Sie dienen dazu, Angebote f\u00fcr Webseitenbesucher freundlicher, effektiver und sicherer zu machen. Cookies sind kleine Textdateien, die auf Ihrem Computer abgelegt werden und die Ihr Browser verwendet.<\/p>\n<p>Wir verwenden in der Regel so genannte \u201eSession-Cookies\u201c. Diese werden nach Verlassen unserer Seite automatisch gel\u00f6scht. Andere Cookies bleiben auf Ihrem Computer gespeichert, bis Sie diese l\u00f6schen. Diese Cookies helfen dabei, Ihren Rechner beim n\u00e4chsten Besuch wiederzuerkennen.<\/p>\n<p>\u00dcber die Browsereinstellungen k\u00f6nnen sie festlegen, dass Sie \u00fcber neue Cookies informiert werden und Cookies jeweils annehmen m\u00fcssen. Ebenso k\u00f6nnen Sie die Annahme von Cookies f\u00fcr bestimmte F\u00e4lle oder generell ausschlie\u00dfen oder das automatische L\u00f6schen der Cookies beim Schlie\u00dfen des Browser aktivieren. Werden Cookies deaktiviert, kann dies Einschr\u00e4nkung unserer Website zur Folge haben.<\/p>\n<p><\/p>\n<p><\/p>\n<h4 class=\"paragraph_style\">5. <strong>\u00c4nderung der Datenschutzbestimmungen<\/strong><\/h4>\n<p><\/p>\n<p><\/p>\n<p>Diese Datenschutzerkl\u00e4rung kann in unregelm\u00e4\u00dfigen Abst\u00e4nden angepasst werden, um aktuellen rechtlichen Anforderungen oder \u00c4nderungen unserer Dienstleistungen zu entsprechen (z. B. Hinzunahme weiterer Angebote). F\u00fcr Ihren Besuch gilt jeweils die aktuell g\u00fcltige Datenschutzerkl\u00e4rung.<\/p>\n<p>\u00a0<\/p>\n<p><\/p>\n<p><\/p>\n<h4 class=\"paragraph_style\">6. <strong>Kontakt <\/strong><\/h4>\n<p><\/p>\n<p><\/p>\n<p>F\u00fcr Fragen zum Datenschutz schicken Sie eine Nachricht an <a href=\"mailto:martin.kuhn@aquacalculator.com\">mailto:martin.kuhn@aquacalculator.com<\/a> an mit Betreff \u201eDatenschutz\u201c.<\/p>\n<p><\/p>\t\t\t\t\t\t\t\t<\/div>\n\t\t\t\t\t<\/div>\n\t\t\t\t<\/div>\n\t\t<div class=\"elementor-element elementor-element-7cfcf9be e-flex e-con-boxed e-con e-parent\" data-id=\"7cfcf9be\" data-element_type=\"container\" data-e-type=\"container\" data-settings=\"{&quot;background_background&quot;:&quot;classic&quot;}\">\n\t\t\t\t\t<div class=\"e-con-inner\">\n\t\t<div class=\"elementor-element elementor-element-7c9eaaff e-con-full e-flex e-con e-child\" data-id=\"7c9eaaff\" data-element_type=\"container\" data-e-type=\"container\">\n\t\t\t\t<div class=\"elementor-element elementor-element-14187669 elementor-widget elementor-widget-heading\" data-id=\"14187669\" data-element_type=\"widget\" data-e-type=\"widget\" data-widget_type=\"heading.default\">\n\t\t\t\t\t<p class=\"elementor-heading-title elementor-size-default\">\u00a9 2023  AquaCalculator - Alle Rechte vorbehalten<br>\nMartin Kuhn | +49 160 97897123<br>\n81249 M\u00fcnchen - Deutschland<\/p>\t\t\t\t<\/div>\n\t\t\t\t<\/div>\n\t\t<div class=\"elementor-element elementor-element-5f4c1b15 e-con-full e-flex e-con e-child\" data-id=\"5f4c1b15\" data-element_type=\"container\" data-e-type=\"container\">\n\t\t\t\t<div class=\"elementor-element elementor-element-69be9d3e elementor-widget elementor-widget-heading\" data-id=\"69be9d3e\" data-element_type=\"widget\" data-e-type=\"widget\" data-widget_type=\"heading.default\">\n\t\t\t\t\t<p class=\"elementor-heading-title elementor-size-default\"><a href=\"https:\/\/www.aquacalculator.com\/wordpress\/imprint-de\/\">Impressum<\/a><\/p>\t\t\t\t<\/div>\n\t\t\t\t<\/div>\n\t\t<div class=\"elementor-element elementor-element-6a21cf52 e-con-full e-flex e-con e-child\" data-id=\"6a21cf52\" data-element_type=\"container\" data-e-type=\"container\">\n\t\t\t\t<div class=\"elementor-element elementor-element-620829e2 elementor-widget elementor-widget-heading\" data-id=\"620829e2\" data-element_type=\"widget\" data-e-type=\"widget\" data-widget_type=\"heading.default\">\n\t\t\t\t\t<p class=\"elementor-heading-title elementor-size-default\"><a href=\"https:\/\/www.aquacalculator.com\/wordpress\/datasecurity-de\/\">Datenschutz<\/a><\/p>\t\t\t\t<\/div>\n\t\t\t\t<\/div>\n\t\t<div class=\"elementor-element elementor-element-45991145 e-con-full e-flex e-con e-child\" data-id=\"45991145\" data-element_type=\"container\" data-e-type=\"container\">\n\t\t\t\t<div class=\"elementor-element elementor-element-55f413cd e-grid-align-right e-grid-align-mobile-center elementor-shape-rounded elementor-grid-0 elementor-widget elementor-widget-social-icons\" data-id=\"55f413cd\" data-element_type=\"widget\" data-e-type=\"widget\" data-widget_type=\"social-icons.default\">\n\t\t\t\t\t\t\t<div class=\"elementor-social-icons-wrapper elementor-grid\">\n\t\t\t\t\t\t\t<span class=\"elementor-grid-item\">\n\t\t\t\t\t<a class=\"elementor-icon elementor-social-icon elementor-social-icon-facebook-f elementor-repeater-item-993ef04\" href=\"https:\/\/www.facebook.com\/aquacalculatorInt\" target=\"_blank\">\n\t\t\t\t\t\t<span class=\"elementor-screen-only\">Facebook-f<\/span>\n\t\t\t\t\t\t<svg aria-hidden=\"true\" class=\"e-font-icon-svg e-fab-facebook-f\" viewBox=\"0 0 320 512\" xmlns=\"http:\/\/www.w3.org\/2000\/svg\"><path d=\"M279.14 288l14.22-92.66h-88.91v-60.13c0-25.35 12.42-50.06 52.24-50.06h40.42V6.26S260.43 0 225.36 0c-73.22 0-121.08 44.38-121.08 124.72v70.62H22.89V288h81.39v224h100.17V288z\"><\/path><\/svg>\t\t\t\t\t<\/a>\n\t\t\t\t<\/span>\n\t\t\t\t\t<\/div>\n\t\t\t\t\t\t<\/div>\n\t\t\t\t<\/div>\n\t\t\t\t\t<\/div>\n\t\t\t\t<\/div>\n\t\t\t\t<\/div>\n\t\t","protected":false},"excerpt":{"rendered":"<p>Verantwortlich im Sinne der Datenschutzgesetzes: Martin Kuhn, Estinger Stra\u00dfe 2c, 81249 M\u00fcnchen Deutschland 1. Datenschutz Als Webseitenbetreiber nehmen wir den Schutz pers\u00f6nlichen Daten ernst. Alle personenbezogenen Informationen werden vertraulich und gem\u00e4\u00df aktuell g\u00fcltiger gesetzlicher Vorschriften behandelt. Die Nutzung unserer Webseite ist ohne Angabe pers\u00f6nlicher Daten m\u00f6glich. Sollten jedoch pers\u00f6nliche Daten abgefragt werden (Name, Adresse, E-Mail-Adresse &hellip;<\/p>\n<p class=\"read-more\"> <a class=\"\" href=\"https:\/\/www.aquacalculator.com\/wordpress\/datasecurity-de\/\"> <span class=\"screen-reader-text\">Dataprotection (DE)<\/span> Weiterlesen &raquo;<\/a><\/p>\n","protected":false},"author":2,"featured_media":0,"parent":0,"menu_order":0,"comment_status":"closed","ping_status":"open","template":"elementor_canvas","meta":{"_monsterinsights_skip_tracking":false,"_monsterinsights_sitenote_active":false,"_monsterinsights_sitenote_note":"","_monsterinsights_sitenote_category":0,"site-sidebar-layout":"default","site-content-layout":"default","ast-global-header-display":"","ast-banner-title-visibility":"","ast-main-header-display":"","ast-hfb-above-header-display":"","ast-hfb-below-header-display":"","ast-hfb-mobile-header-display":"","site-post-title":"","ast-breadcrumbs-content":"","ast-featured-img":"","footer-sml-layout":"","theme-transparent-header-meta":"","adv-header-id-meta":"","stick-header-meta":"","header-above-stick-meta":"","header-main-stick-meta":"","header-below-stick-meta":"","footnotes":""},"class_list":["post-1938","page","type-page","status-publish","hentry"],"_links":{"self":[{"href":"https:\/\/www.aquacalculator.com\/wordpress\/wp-json\/wp\/v2\/pages\/1938","targetHints":{"allow":["GET"]}}],"collection":[{"href":"https:\/\/www.aquacalculator.com\/wordpress\/wp-json\/wp\/v2\/pages"}],"about":[{"href":"https:\/\/www.aquacalculator.com\/wordpress\/wp-json\/wp\/v2\/types\/page"}],"author":[{"embeddable":true,"href":"https:\/\/www.aquacalculator.com\/wordpress\/wp-json\/wp\/v2\/users\/2"}],"replies":[{"embeddable":true,"href":"https:\/\/www.aquacalculator.com\/wordpress\/wp-json\/wp\/v2\/comments?post=1938"}],"version-history":[{"count":22,"href":"https:\/\/www.aquacalculator.com\/wordpress\/wp-json\/wp\/v2\/pages\/1938\/revisions"}],"predecessor-version":[{"id":2713,"href":"https:\/\/www.aquacalculator.com\/wordpress\/wp-json\/wp\/v2\/pages\/1938\/revisions\/2713"}],"wp:attachment":[{"href":"https:\/\/www.aquacalculator.com\/wordpress\/wp-json\/wp\/v2\/media?parent=1938"}],"curies":[{"name":"wp","href":"https:\/\/api.w.org\/{rel}","templated":true}]}}