{"id":2373,"date":"2023-01-06T17:14:19","date_gmt":"2023-01-06T15:14:19","guid":{"rendered":"https:\/\/www.aquacalculator.com\/wordpress\/?page_id=2373"},"modified":"2023-08-16T13:28:33","modified_gmt":"2023-08-16T11:28:33","slug":"pp_success","status":"publish","type":"page","link":"https:\/\/www.aquacalculator.com\/wordpress\/pp_success\/","title":{"rendered":"LP Paypal Sucess"},"content":{"rendered":"\t\t<div data-elementor-type=\"wp-page\" data-elementor-id=\"2373\" class=\"elementor elementor-2373\" data-elementor-post-type=\"page\">\n\t\t\t\t<div class=\"elementor-element elementor-element-17cee5b e-flex e-con-boxed e-con e-parent\" data-id=\"17cee5b\" data-element_type=\"container\" data-e-type=\"container\">\n\t\t\t\t\t<div class=\"e-con-inner\">\n\t\t\t\t<div class=\"elementor-element elementor-element-eebd2d9 elementor-widget elementor-widget-image\" data-id=\"eebd2d9\" data-element_type=\"widget\" data-e-type=\"widget\" data-widget_type=\"image.default\">\n\t\t\t\t\t\t\t\t\t\t\t\t\t\t\t<img decoding=\"async\" width=\"220\" height=\"120\" src=\"https:\/\/www.aquacalculator.com\/wordpress\/wp-content\/uploads\/2023\/08\/ACalcPurchased_x120.png\" class=\"attachment-large size-large wp-image-3481\" alt=\"\" \/>\t\t\t\t\t\t\t\t\t\t\t\t\t\t\t<\/div>\n\t\t\t\t<div class=\"elementor-element elementor-element-c8ccdf6 elementor-widget-divider--view-line elementor-widget elementor-widget-divider\" data-id=\"c8ccdf6\" data-element_type=\"widget\" data-e-type=\"widget\" data-widget_type=\"divider.default\">\n\t\t\t\t\t\t\t<div class=\"elementor-divider\">\n\t\t\t<span class=\"elementor-divider-separator\">\n\t\t\t\t\t\t<\/span>\n\t\t<\/div>\n\t\t\t\t\t\t<\/div>\n\t\t\t\t\t<\/div>\n\t\t\t\t<\/div>\n\t\t<div class=\"elementor-element elementor-element-8b2f1d0 e-flex e-con-boxed e-con e-parent\" data-id=\"8b2f1d0\" data-element_type=\"container\" data-e-type=\"container\">\n\t\t\t\t\t<div class=\"e-con-inner\">\n\t\t<div class=\"elementor-element elementor-element-38232c7 e-con-full e-flex e-con e-child\" data-id=\"38232c7\" data-element_type=\"container\" data-e-type=\"container\">\n\t\t\t\t<div class=\"elementor-element elementor-element-c5ae3e7 elementor-widget elementor-widget-image\" data-id=\"c5ae3e7\" data-element_type=\"widget\" data-e-type=\"widget\" data-widget_type=\"image.default\">\n\t\t\t\t\t\t\t\t\t\t\t\t\t\t\t<img decoding=\"async\" width=\"80\" height=\"40\" src=\"https:\/\/www.aquacalculator.com\/wordpress\/wp-content\/uploads\/2023\/08\/gb.png\" class=\"attachment-large size-large wp-image-3449\" alt=\"\" \/>\t\t\t\t\t\t\t\t\t\t\t\t\t\t\t<\/div>\n\t\t\t\t<\/div>\n\t\t<div class=\"elementor-element elementor-element-4ec1b3f e-con-full e-flex e-con e-child\" data-id=\"4ec1b3f\" data-element_type=\"container\" data-e-type=\"container\">\n\t\t\t\t<div class=\"elementor-element elementor-element-1337434 elementor-widget elementor-widget-text-editor\" data-id=\"1337434\" data-element_type=\"widget\" data-e-type=\"widget\" data-widget_type=\"text-editor.default\">\n\t\t\t\t\t\t\t\t\t<p>You will receive your activation information within the next minute, to your PayPal e-mail address.<br \/>Subject: &#8222;Your activation information for AquaCalculator&#8220;<br \/>(Make sure that incoming e-mails are not sorted out by a spam filter)<\/p>\t\t\t\t\t\t\t\t<\/div>\n\t\t\t\t<\/div>\n\t\t\t\t\t<\/div>\n\t\t\t\t<\/div>\n\t\t<div class=\"elementor-element elementor-element-eb0d71a e-flex e-con-boxed e-con e-parent\" data-id=\"eb0d71a\" data-element_type=\"container\" data-e-type=\"container\">\n\t\t\t\t\t<div class=\"e-con-inner\">\n\t\t<div class=\"elementor-element elementor-element-09303a9 e-con-full e-flex e-con e-child\" data-id=\"09303a9\" data-element_type=\"container\" data-e-type=\"container\">\n\t\t\t\t<div class=\"elementor-element elementor-element-5ec68d7 elementor-widget elementor-widget-image\" data-id=\"5ec68d7\" data-element_type=\"widget\" data-e-type=\"widget\" data-widget_type=\"image.default\">\n\t\t\t\t\t\t\t\t\t\t\t\t\t\t\t<img decoding=\"async\" width=\"80\" height=\"48\" src=\"https:\/\/www.aquacalculator.com\/wordpress\/wp-content\/uploads\/2023\/08\/de.png\" class=\"attachment-large size-large wp-image-3446\" alt=\"\" \/>\t\t\t\t\t\t\t\t\t\t\t\t\t\t\t<\/div>\n\t\t\t\t<\/div>\n\t\t<div class=\"elementor-element elementor-element-9978d79 e-con-full e-flex e-con e-child\" data-id=\"9978d79\" data-element_type=\"container\" data-e-type=\"container\">\n\t\t\t\t<div class=\"elementor-element elementor-element-e70c184 elementor-widget elementor-widget-text-editor\" data-id=\"e70c184\" data-element_type=\"widget\" data-e-type=\"widget\" data-widget_type=\"text-editor.default\">\n\t\t\t\t\t\t\t\t\t<p>Du bekommst deine Aktivierungs-Informationen innerhalb der n\u00e4chsten Minute, an Deine bei Paypal hinterlegte e-mail adresse gesendet.<br \/>Betreff: &#8222;Deine Aktivierungs-Informationen fuer AquaCalculator&#8220;<br \/>(Vergewissere Dich das eintreffende E-mails nicht von einem Spam-Filter aussortiert werden)<\/p>\t\t\t\t\t\t\t\t<\/div>\n\t\t\t\t<\/div>\n\t\t\t\t\t<\/div>\n\t\t\t\t<\/div>\n\t\t<div class=\"elementor-element elementor-element-7124f17 e-flex e-con-boxed e-con e-parent\" data-id=\"7124f17\" data-element_type=\"container\" data-e-type=\"container\">\n\t\t\t\t\t<div class=\"e-con-inner\">\n\t\t<div class=\"elementor-element elementor-element-9fbec42 e-con-full e-flex e-con e-child\" data-id=\"9fbec42\" data-element_type=\"container\" data-e-type=\"container\">\n\t\t\t\t<div class=\"elementor-element elementor-element-8f96f0c elementor-widget elementor-widget-image\" data-id=\"8f96f0c\" data-element_type=\"widget\" data-e-type=\"widget\" data-widget_type=\"image.default\">\n\t\t\t\t\t\t\t\t\t\t\t\t\t\t\t<img loading=\"lazy\" decoding=\"async\" width=\"80\" height=\"53\" src=\"https:\/\/www.aquacalculator.com\/wordpress\/wp-content\/uploads\/2023\/08\/es.png\" class=\"attachment-large size-large wp-image-3447\" alt=\"\" \/>\t\t\t\t\t\t\t\t\t\t\t\t\t\t\t<\/div>\n\t\t\t\t<\/div>\n\t\t<div class=\"elementor-element elementor-element-56138a8 e-con-full e-flex e-con e-child\" data-id=\"56138a8\" data-element_type=\"container\" data-e-type=\"container\">\n\t\t\t\t<div class=\"elementor-element elementor-element-43d4c53 elementor-widget elementor-widget-text-editor\" data-id=\"43d4c53\" data-element_type=\"widget\" data-e-type=\"widget\" data-widget_type=\"text-editor.default\">\n\t\t\t\t\t\t\t\t\t<p>Recibir\u00e1 su informaci\u00f3n de activaci\u00f3n en el pr\u00f3ximo minuto, a su direcci\u00f3n de correo electr\u00f3nico de PayPal.<br \/>Asunto: &#8222;Su informaci\u00f3n de activaci\u00f3n para AquaCalculator&#8220;<br \/>(Aseg\u00farese de que el filtro de spam entrante e-postmeddelanden inte av ett est\u00e9 resuelto)<\/p>\t\t\t\t\t\t\t\t<\/div>\n\t\t\t\t<\/div>\n\t\t\t\t\t<\/div>\n\t\t\t\t<\/div>\n\t\t<div class=\"elementor-element elementor-element-572ccbe e-flex e-con-boxed e-con e-parent\" data-id=\"572ccbe\" data-element_type=\"container\" data-e-type=\"container\">\n\t\t\t\t\t<div class=\"e-con-inner\">\n\t\t<div class=\"elementor-element elementor-element-b9dfa81 e-con-full e-flex e-con e-child\" data-id=\"b9dfa81\" data-element_type=\"container\" data-e-type=\"container\">\n\t\t\t\t<div class=\"elementor-element elementor-element-e638c41 elementor-widget elementor-widget-image\" data-id=\"e638c41\" data-element_type=\"widget\" data-e-type=\"widget\" data-widget_type=\"image.default\">\n\t\t\t\t\t\t\t\t\t\t\t\t\t\t\t<img loading=\"lazy\" decoding=\"async\" width=\"80\" height=\"53\" src=\"https:\/\/www.aquacalculator.com\/wordpress\/wp-content\/uploads\/2023\/08\/it.png\" class=\"attachment-large size-large wp-image-3450\" alt=\"\" \/>\t\t\t\t\t\t\t\t\t\t\t\t\t\t\t<\/div>\n\t\t\t\t<\/div>\n\t\t<div class=\"elementor-element elementor-element-2edef6e e-con-full e-flex e-con e-child\" data-id=\"2edef6e\" data-element_type=\"container\" data-e-type=\"container\">\n\t\t\t\t<div class=\"elementor-element elementor-element-433e0f1 elementor-widget elementor-widget-text-editor\" data-id=\"433e0f1\" data-element_type=\"widget\" data-e-type=\"widget\" data-widget_type=\"text-editor.default\">\n\t\t\t\t\t\t\t\t\t<p>Riceverai le informazioni di attivazione entro il prossimo minuto, al tuo indirizzo e-mail PayPal.<br \/>Oggetto: &#8222;Le tue informazioni di attivazione per AquaCalculator&#8220;<br \/>(Assicurati che il filtro antispam e-postmeddelanden inte av ett in arrivo sia stato risolto)<\/p>\t\t\t\t\t\t\t\t<\/div>\n\t\t\t\t<\/div>\n\t\t\t\t\t<\/div>\n\t\t\t\t<\/div>\n\t\t<div class=\"elementor-element elementor-element-32d729a e-flex e-con-boxed e-con e-parent\" data-id=\"32d729a\" data-element_type=\"container\" data-e-type=\"container\">\n\t\t\t\t\t<div class=\"e-con-inner\">\n\t\t<div class=\"elementor-element elementor-element-1ac5937 e-con-full e-flex e-con e-child\" data-id=\"1ac5937\" data-element_type=\"container\" data-e-type=\"container\">\n\t\t\t\t<div class=\"elementor-element elementor-element-5fd394e elementor-widget elementor-widget-image\" data-id=\"5fd394e\" data-element_type=\"widget\" data-e-type=\"widget\" data-widget_type=\"image.default\">\n\t\t\t\t\t\t\t\t\t\t\t\t\t\t\t<img loading=\"lazy\" decoding=\"async\" width=\"80\" height=\"53\" src=\"https:\/\/www.aquacalculator.com\/wordpress\/wp-content\/uploads\/2023\/08\/fr.png\" class=\"attachment-large size-large wp-image-3448\" alt=\"\" \/>\t\t\t\t\t\t\t\t\t\t\t\t\t\t\t<\/div>\n\t\t\t\t<\/div>\n\t\t<div class=\"elementor-element elementor-element-993b07b e-con-full e-flex e-con e-child\" data-id=\"993b07b\" data-element_type=\"container\" data-e-type=\"container\">\n\t\t\t\t<div class=\"elementor-element elementor-element-4008890 elementor-widget elementor-widget-text-editor\" data-id=\"4008890\" data-element_type=\"widget\" data-e-type=\"widget\" data-widget_type=\"text-editor.default\">\n\t\t\t\t\t\t\t\t\t<p>Vous recevrez vos informations d&#8217;activation dans la minute qui suit, sur votre adresse e-mail PayPal.<br \/>Objet\u00a0: &#8222;Vos informations d&#8217;activation pour AquaCalculator&#8220;<br \/>(Assurez-vous que le filtre anti-spam entrant e-postmeddelanden inte av ett est r\u00e9gl\u00e9)<\/p>\t\t\t\t\t\t\t\t<\/div>\n\t\t\t\t<\/div>\n\t\t\t\t\t<\/div>\n\t\t\t\t<\/div>\n\t\t<div class=\"elementor-element elementor-element-16bba2e e-flex e-con-boxed e-con e-parent\" data-id=\"16bba2e\" data-element_type=\"container\" data-e-type=\"container\">\n\t\t\t\t\t<div class=\"e-con-inner\">\n\t\t<div class=\"elementor-element elementor-element-1be57e1 e-con-full e-flex e-con e-child\" data-id=\"1be57e1\" data-element_type=\"container\" data-e-type=\"container\">\n\t\t\t\t<div class=\"elementor-element elementor-element-49ad768 elementor-widget elementor-widget-image\" data-id=\"49ad768\" data-element_type=\"widget\" data-e-type=\"widget\" data-widget_type=\"image.default\">\n\t\t\t\t\t\t\t\t\t\t\t\t\t\t\t<img loading=\"lazy\" decoding=\"async\" width=\"80\" height=\"53\" src=\"https:\/\/www.aquacalculator.com\/wordpress\/wp-content\/uploads\/2023\/08\/nl.png\" class=\"attachment-large size-large wp-image-3451\" alt=\"\" \/>\t\t\t\t\t\t\t\t\t\t\t\t\t\t\t<\/div>\n\t\t\t\t<\/div>\n\t\t<div class=\"elementor-element elementor-element-817e51a e-con-full e-flex e-con e-child\" data-id=\"817e51a\" data-element_type=\"container\" data-e-type=\"container\">\n\t\t\t\t<div class=\"elementor-element elementor-element-77cd9de elementor-widget elementor-widget-text-editor\" data-id=\"77cd9de\" data-element_type=\"widget\" data-e-type=\"widget\" data-widget_type=\"text-editor.default\">\n\t\t\t\t\t\t\t\t\t<p>U ontvangt uw activeringsinformatie binnen de volgende minuut, op uw PayPal-e-mailadres.<br \/>Onderwerp: &#8222;Uw activeringsinformatie voor AquaCalculator&#8220;<br \/>(Zorg ervoor dat de inkomende e-mailmeddelanden inte av ett spamfilter zijn uitgezocht)<\/p>\t\t\t\t\t\t\t\t<\/div>\n\t\t\t\t<\/div>\n\t\t\t\t\t<\/div>\n\t\t\t\t<\/div>\n\t\t<div class=\"elementor-element elementor-element-1724c70 e-flex e-con-boxed e-con e-parent\" data-id=\"1724c70\" data-element_type=\"container\" data-e-type=\"container\">\n\t\t\t\t\t<div class=\"e-con-inner\">\n\t\t<div class=\"elementor-element elementor-element-f89b088 e-con-full e-flex e-con e-child\" data-id=\"f89b088\" data-element_type=\"container\" data-e-type=\"container\">\n\t\t\t\t<div class=\"elementor-element elementor-element-a3c7a29 elementor-widget elementor-widget-image\" data-id=\"a3c7a29\" data-element_type=\"widget\" data-e-type=\"widget\" data-widget_type=\"image.default\">\n\t\t\t\t\t\t\t\t\t\t\t\t\t\t\t<img loading=\"lazy\" decoding=\"async\" width=\"80\" height=\"50\" src=\"https:\/\/www.aquacalculator.com\/wordpress\/wp-content\/uploads\/2023\/08\/se.png\" class=\"attachment-large size-large wp-image-3452\" alt=\"\" \/>\t\t\t\t\t\t\t\t\t\t\t\t\t\t\t<\/div>\n\t\t\t\t<\/div>\n\t\t<div class=\"elementor-element elementor-element-d4f48f1 e-con-full e-flex e-con e-child\" data-id=\"d4f48f1\" data-element_type=\"container\" data-e-type=\"container\">\n\t\t\t\t<div class=\"elementor-element elementor-element-cd321f7 elementor-widget elementor-widget-text-editor\" data-id=\"cd321f7\" data-element_type=\"widget\" data-e-type=\"widget\" data-widget_type=\"text-editor.default\">\n\t\t\t\t\t\t\t\t\t<p>Du kommer att f\u00e5 din aktiveringsinformation inom n\u00e4sta minut, till din PayPal-e-postadress.<br \/>\u00c4mne: &#8222;Din aktiveringsinformation f\u00f6r AquaCalculator&#8220;<br \/>(Se till att inkommande e-postmeddelanden inte av ett skr\u00e4ppostfilter har l\u00f6sts)<\/p>\t\t\t\t\t\t\t\t<\/div>\n\t\t\t\t<\/div>\n\t\t\t\t\t<\/div>\n\t\t\t\t<\/div>\n\t\t<div class=\"elementor-element elementor-element-b42422e e-flex e-con-boxed e-con e-parent\" data-id=\"b42422e\" data-element_type=\"container\" data-e-type=\"container\">\n\t\t\t\t\t<div class=\"e-con-inner\">\n\t\t\t\t<div class=\"elementor-element elementor-element-000359c elementor-widget-divider--view-line elementor-widget elementor-widget-divider\" data-id=\"000359c\" data-element_type=\"widget\" data-e-type=\"widget\" data-widget_type=\"divider.default\">\n\t\t\t\t\t\t\t<div class=\"elementor-divider\">\n\t\t\t<span class=\"elementor-divider-separator\">\n\t\t\t\t\t\t<\/span>\n\t\t<\/div>\n\t\t\t\t\t\t<\/div>\n\t\t\t\t<div class=\"elementor-element elementor-element-8626edb elementor-widget elementor-widget-text-editor\" data-id=\"8626edb\" data-element_type=\"widget\" data-e-type=\"widget\" data-widget_type=\"text-editor.default\">\n\t\t\t\t\t\t\t\t\t<p style=\"text-align: center;\"><span style=\"color: #3366ff;\">martin.kuhn@aquacalculator.com<\/span><\/p>\t\t\t\t\t\t\t\t<\/div>\n\t\t\t\t\t<\/div>\n\t\t\t\t<\/div>\n\t\t\t\t<\/div>\n\t\t","protected":false},"excerpt":{"rendered":"<p>You will receive your activation information within the next minute, to your PayPal e-mail address.Subject: &#8222;Your activation information for AquaCalculator&#8220;(Make sure that incoming e-mails are not sorted out by a spam filter) Du bekommst deine Aktivierungs-Informationen innerhalb der n\u00e4chsten Minute, an Deine bei Paypal hinterlegte e-mail adresse gesendet.Betreff: &#8222;Deine Aktivierungs-Informationen fuer AquaCalculator&#8220;(Vergewissere Dich das eintreffende &hellip;<\/p>\n<p class=\"read-more\"> <a class=\"\" href=\"https:\/\/www.aquacalculator.com\/wordpress\/pp_success\/\"> <span class=\"screen-reader-text\">LP Paypal Sucess<\/span> Weiterlesen &raquo;<\/a><\/p>\n","protected":false},"author":2,"featured_media":0,"parent":0,"menu_order":0,"comment_status":"closed","ping_status":"closed","template":"elementor_canvas","meta":{"_monsterinsights_skip_tracking":false,"_monsterinsights_sitenote_active":false,"_monsterinsights_sitenote_note":"","_monsterinsights_sitenote_category":0,"site-sidebar-layout":"default","site-content-layout":"default","ast-global-header-display":"","ast-banner-title-visibility":"","ast-main-header-display":"","ast-hfb-above-header-display":"","ast-hfb-below-header-display":"","ast-hfb-mobile-header-display":"","site-post-title":"","ast-breadcrumbs-content":"","ast-featured-img":"","footer-sml-layout":"","theme-transparent-header-meta":"","adv-header-id-meta":"","stick-header-meta":"","header-above-stick-meta":"","header-main-stick-meta":"","header-below-stick-meta":"","footnotes":""},"class_list":["post-2373","page","type-page","status-publish","hentry"],"_links":{"self":[{"href":"https:\/\/www.aquacalculator.com\/wordpress\/wp-json\/wp\/v2\/pages\/2373","targetHints":{"allow":["GET"]}}],"collection":[{"href":"https:\/\/www.aquacalculator.com\/wordpress\/wp-json\/wp\/v2\/pages"}],"about":[{"href":"https:\/\/www.aquacalculator.com\/wordpress\/wp-json\/wp\/v2\/types\/page"}],"author":[{"embeddable":true,"href":"https:\/\/www.aquacalculator.com\/wordpress\/wp-json\/wp\/v2\/users\/2"}],"replies":[{"embeddable":true,"href":"https:\/\/www.aquacalculator.com\/wordpress\/wp-json\/wp\/v2\/comments?post=2373"}],"version-history":[{"count":20,"href":"https:\/\/www.aquacalculator.com\/wordpress\/wp-json\/wp\/v2\/pages\/2373\/revisions"}],"predecessor-version":[{"id":3487,"href":"https:\/\/www.aquacalculator.com\/wordpress\/wp-json\/wp\/v2\/pages\/2373\/revisions\/3487"}],"wp:attachment":[{"href":"https:\/\/www.aquacalculator.com\/wordpress\/wp-json\/wp\/v2\/media?parent=2373"}],"curies":[{"name":"wp","href":"https:\/\/api.w.org\/{rel}","templated":true}]}}