{"id":2388,"date":"2023-01-06T17:14:19","date_gmt":"2023-01-06T15:14:19","guid":{"rendered":"https:\/\/www.aquacalculator.com\/wordpress\/?page_id=2388"},"modified":"2023-08-16T11:43:17","modified_gmt":"2023-08-16T09:43:17","slug":"pp_checkout","status":"publish","type":"page","link":"https:\/\/www.aquacalculator.com\/wordpress\/pp_checkout\/","title":{"rendered":"LP Paypal Checkout"},"content":{"rendered":"\t\t<div data-elementor-type=\"wp-page\" data-elementor-id=\"2388\" class=\"elementor elementor-2388\" data-elementor-post-type=\"page\">\n\t\t\t\t<div class=\"elementor-element elementor-element-f73bfb6 e-flex e-con-boxed e-con e-parent\" data-id=\"f73bfb6\" data-element_type=\"container\" data-e-type=\"container\">\n\t\t\t\t\t<div class=\"e-con-inner\">\n\t\t<div class=\"elementor-element elementor-element-5528ac6 e-con-full e-flex e-con e-child\" data-id=\"5528ac6\" data-element_type=\"container\" data-e-type=\"container\">\n\t\t\t\t<div class=\"elementor-element elementor-element-046e1f1 elementor-widget elementor-widget-heading\" data-id=\"046e1f1\" data-element_type=\"widget\" data-e-type=\"widget\" data-widget_type=\"heading.default\">\n\t\t\t\t\t<h5 class=\"elementor-heading-title elementor-size-default\">Aqua Calculator - Microsoft Windows<\/h5>\t\t\t\t<\/div>\n\t\t\t\t<\/div>\n\t\t\t\t\t<\/div>\n\t\t\t\t<\/div>\n\t\t<div class=\"elementor-element elementor-element-7de4568 e-flex e-con-boxed e-con e-parent\" data-id=\"7de4568\" data-element_type=\"container\" data-e-type=\"container\">\n\t\t\t\t\t<div class=\"e-con-inner\">\n\t\t<div class=\"elementor-element elementor-element-b63496d e-con-full e-flex e-con e-child\" data-id=\"b63496d\" data-element_type=\"container\" data-e-type=\"container\">\n\t\t\t\t<div class=\"elementor-element elementor-element-d2761e4 elementor-widget elementor-widget-image\" data-id=\"d2761e4\" data-element_type=\"widget\" data-e-type=\"widget\" data-widget_type=\"image.default\">\n\t\t\t\t\t\t\t\t\t\t\t\t\t\t\t<img decoding=\"async\" width=\"100\" height=\"100\" src=\"https:\/\/www.aquacalculator.com\/wordpress\/wp-content\/uploads\/2022\/01\/Seahorse_100x100.png\" class=\"attachment-large size-large wp-image-1513\" alt=\"\" \/>\t\t\t\t\t\t\t\t\t\t\t\t\t\t\t<\/div>\n\t\t\t\t<\/div>\n\t\t<div class=\"elementor-element elementor-element-7b3eefe e-con-full e-flex e-con e-child\" data-id=\"7b3eefe\" data-element_type=\"container\" data-e-type=\"container\">\n\t\t\t\t<div class=\"elementor-element elementor-element-20a91ed elementor-icon-list--layout-traditional elementor-list-item-link-full_width elementor-widget elementor-widget-icon-list\" data-id=\"20a91ed\" data-element_type=\"widget\" data-e-type=\"widget\" data-widget_type=\"icon-list.default\">\n\t\t\t\t\t\t\t<ul class=\"elementor-icon-list-items\">\n\t\t\t\t\t\t\t<li class=\"elementor-icon-list-item\">\n\t\t\t\t\t\t\t\t\t\t\t<span class=\"elementor-icon-list-icon\">\n\t\t\t\t\t\t\t<svg aria-hidden=\"true\" class=\"e-font-icon-svg e-fab-windows\" viewBox=\"0 0 448 512\" xmlns=\"http:\/\/www.w3.org\/2000\/svg\"><path d=\"M0 93.7l183.6-25.3v177.4H0V93.7zm0 324.6l183.6 25.3V268.4H0v149.9zm203.8 28L448 480V268.4H203.8v177.9zm0-380.6v180.1H448V32L203.8 65.7z\"><\/path><\/svg>\t\t\t\t\t\t<\/span>\n\t\t\t\t\t\t\t\t\t\t<span class=\"elementor-icon-list-text\">1 Year - License (no automatic renewal)<\/span>\n\t\t\t\t\t\t\t\t\t<\/li>\n\t\t\t\t\t\t\t\t<li class=\"elementor-icon-list-item\">\n\t\t\t\t\t\t\t\t\t\t\t<span class=\"elementor-icon-list-icon\">\n\t\t\t\t\t\t\t<svg aria-hidden=\"true\" class=\"e-font-icon-svg e-fab-windows\" viewBox=\"0 0 448 512\" xmlns=\"http:\/\/www.w3.org\/2000\/svg\"><path d=\"M0 93.7l183.6-25.3v177.4H0V93.7zm0 324.6l183.6 25.3V268.4H0v149.9zm203.8 28L448 480V268.4H203.8v177.9zm0-380.6v180.1H448V32L203.8 65.7z\"><\/path><\/svg>\t\t\t\t\t\t<\/span>\n\t\t\t\t\t\t\t\t\t\t<span class=\"elementor-icon-list-text\">1 Jahres Lizenz (verl\u00e4ngert sich nicht automatisch)<\/span>\n\t\t\t\t\t\t\t\t\t<\/li>\n\t\t\t\t\t\t\t\t<li class=\"elementor-icon-list-item\">\n\t\t\t\t\t\t\t\t\t\t\t<span class=\"elementor-icon-list-icon\">\n\t\t\t\t\t\t\t<svg aria-hidden=\"true\" class=\"e-font-icon-svg e-fab-windows\" viewBox=\"0 0 448 512\" xmlns=\"http:\/\/www.w3.org\/2000\/svg\"><path d=\"M0 93.7l183.6-25.3v177.4H0V93.7zm0 324.6l183.6 25.3V268.4H0v149.9zm203.8 28L448 480V268.4H203.8v177.9zm0-380.6v180.1H448V32L203.8 65.7z\"><\/path><\/svg>\t\t\t\t\t\t<\/span>\n\t\t\t\t\t\t\t\t\t\t<span class=\"elementor-icon-list-text\">1 a\u00f1o - Licencia (sin renovaci\u00f3n autom\u00e1tica)<\/span>\n\t\t\t\t\t\t\t\t\t<\/li>\n\t\t\t\t\t\t\t\t<li class=\"elementor-icon-list-item\">\n\t\t\t\t\t\t\t\t\t\t\t<span class=\"elementor-icon-list-icon\">\n\t\t\t\t\t\t\t<svg aria-hidden=\"true\" class=\"e-font-icon-svg e-fab-windows\" viewBox=\"0 0 448 512\" xmlns=\"http:\/\/www.w3.org\/2000\/svg\"><path d=\"M0 93.7l183.6-25.3v177.4H0V93.7zm0 324.6l183.6 25.3V268.4H0v149.9zm203.8 28L448 480V268.4H203.8v177.9zm0-380.6v180.1H448V32L203.8 65.7z\"><\/path><\/svg>\t\t\t\t\t\t<\/span>\n\t\t\t\t\t\t\t\t\t\t<span class=\"elementor-icon-list-text\">1 anno - Licenza (nessun rinnovo automatico)<\/span>\n\t\t\t\t\t\t\t\t\t<\/li>\n\t\t\t\t\t\t\t\t<li class=\"elementor-icon-list-item\">\n\t\t\t\t\t\t\t\t\t\t\t<span class=\"elementor-icon-list-icon\">\n\t\t\t\t\t\t\t<svg aria-hidden=\"true\" class=\"e-font-icon-svg e-fab-windows\" viewBox=\"0 0 448 512\" xmlns=\"http:\/\/www.w3.org\/2000\/svg\"><path d=\"M0 93.7l183.6-25.3v177.4H0V93.7zm0 324.6l183.6 25.3V268.4H0v149.9zm203.8 28L448 480V268.4H203.8v177.9zm0-380.6v180.1H448V32L203.8 65.7z\"><\/path><\/svg>\t\t\t\t\t\t<\/span>\n\t\t\t\t\t\t\t\t\t\t<span class=\"elementor-icon-list-text\">1 an - Licence (pas de renouvellement automatique)<\/span>\n\t\t\t\t\t\t\t\t\t<\/li>\n\t\t\t\t\t\t\t\t<li class=\"elementor-icon-list-item\">\n\t\t\t\t\t\t\t\t\t\t\t<span class=\"elementor-icon-list-icon\">\n\t\t\t\t\t\t\t<svg aria-hidden=\"true\" class=\"e-font-icon-svg e-fab-windows\" viewBox=\"0 0 448 512\" xmlns=\"http:\/\/www.w3.org\/2000\/svg\"><path d=\"M0 93.7l183.6-25.3v177.4H0V93.7zm0 324.6l183.6 25.3V268.4H0v149.9zm203.8 28L448 480V268.4H203.8v177.9zm0-380.6v180.1H448V32L203.8 65.7z\"><\/path><\/svg>\t\t\t\t\t\t<\/span>\n\t\t\t\t\t\t\t\t\t\t<span class=\"elementor-icon-list-text\">1 jaar - Licentie (geen automatische verlenging)<\/span>\n\t\t\t\t\t\t\t\t\t<\/li>\n\t\t\t\t\t\t\t\t<li class=\"elementor-icon-list-item\">\n\t\t\t\t\t\t\t\t\t\t\t<span class=\"elementor-icon-list-icon\">\n\t\t\t\t\t\t\t<svg aria-hidden=\"true\" class=\"e-font-icon-svg e-fab-windows\" viewBox=\"0 0 448 512\" xmlns=\"http:\/\/www.w3.org\/2000\/svg\"><path d=\"M0 93.7l183.6-25.3v177.4H0V93.7zm0 324.6l183.6 25.3V268.4H0v149.9zm203.8 28L448 480V268.4H203.8v177.9zm0-380.6v180.1H448V32L203.8 65.7z\"><\/path><\/svg>\t\t\t\t\t\t<\/span>\n\t\t\t\t\t\t\t\t\t\t<span class=\"elementor-icon-list-text\">1 \u00e5r - Licens (ingen automatisk f\u00f6rnyelse)<\/span>\n\t\t\t\t\t\t\t\t\t<\/li>\n\t\t\t\t\t\t<\/ul>\n\t\t\t\t\t\t<\/div>\n\t\t\t\t<\/div>\n\t\t<div class=\"elementor-element elementor-element-4bb5766 e-con-full e-flex e-con e-child\" data-id=\"4bb5766\" data-element_type=\"container\" data-e-type=\"container\">\n\t\t\t\t<\/div>\n\t\t\t\t\t<\/div>\n\t\t\t\t<\/div>\n\t\t<div class=\"elementor-element elementor-element-d0d1267 e-flex e-con-boxed e-con e-parent\" data-id=\"d0d1267\" data-element_type=\"container\" data-e-type=\"container\">\n\t\t\t\t\t<div class=\"e-con-inner\">\n\t\t<div class=\"elementor-element elementor-element-415a03c e-con-full e-flex e-con e-child\" data-id=\"415a03c\" data-element_type=\"container\" data-e-type=\"container\">\n\t\t\t\t<div class=\"elementor-element elementor-element-27fcf2a elementor-widget-divider--view-line elementor-widget elementor-widget-divider\" data-id=\"27fcf2a\" data-element_type=\"widget\" data-e-type=\"widget\" data-widget_type=\"divider.default\">\n\t\t\t\t\t\t\t<div class=\"elementor-divider\">\n\t\t\t<span class=\"elementor-divider-separator\">\n\t\t\t\t\t\t<\/span>\n\t\t<\/div>\n\t\t\t\t\t\t<\/div>\n\t\t\t\t<\/div>\n\t\t\t\t\t<\/div>\n\t\t\t\t<\/div>\n\t\t<div class=\"elementor-element elementor-element-e721c21 e-flex e-con-boxed e-con e-parent\" data-id=\"e721c21\" data-element_type=\"container\" data-e-type=\"container\">\n\t\t\t\t\t<div class=\"e-con-inner\">\n\t\t<div class=\"elementor-element elementor-element-584846a e-con-full e-flex e-con e-child\" data-id=\"584846a\" data-element_type=\"container\" data-e-type=\"container\">\n\t\t\t\t<div class=\"elementor-element elementor-element-42c293b elementor-align-left elementor-widget elementor-widget-paypal-button\" data-id=\"42c293b\" data-element_type=\"widget\" data-e-type=\"widget\" data-settings=\"{&quot;merchant_account&quot;:&quot;simple&quot;}\" data-widget_type=\"paypal-button.default\">\n\t\t\t\t\t\t\t\t\t\t\t\t<form action=\"https:\/\/www.paypal.com\/cgi-bin\/webscr\" method=\"post\" target=\"_blank\">\n\t\t\t<input type=\"hidden\" name=\"cmd\" value=\"_xclick\" \/>\n\t\t\t<input type=\"hidden\" name=\"business\" value=\"info@hsk.com.de\" \/>\n\t\t\t<input type=\"hidden\" name=\"lc\" value=\"US\" \/>\n\t\t\t<input type=\"hidden\" name=\"item_name\" value=\"ACalc_1Y_EUR\" \/>\n\t\t\t<input type=\"hidden\" name=\"item_number\" value=\"ACalc_1Y_EUR\" \/>\n\t\t\t<input type=\"hidden\" name=\"currency_code\" value=\"EUR\" \/>\n\t\t\t<input type=\"hidden\" name=\"amount\" value=\"12.6\" \/>\n\t\t\t<input type=\"hidden\" name=\"no_note\" value=\"1\">\n\n\t\t\t\t\t\t\t<input type=\"hidden\" name=\"shipping\" value=\"0\" \/>\n\t\t\t\t<input type=\"hidden\" name=\"tax_rate\" value=\"19\" \/>\n\t\t\t\t<input type=\"hidden\" name=\"quantity\" value=\"1\" \/>\n\t\t\t\t\t\t\t\t<input type=\"hidden\" name=\"return\" value=\"https:\/\/www.aquacalculator.com\/wordpress\/pp_success\/\">\n\t\t\t\t\t\t<button class=\"elementor-button elementor-size-sm elementor-animation-grow elementor-paypal-legacy elementor-payment-button\" role=\"button\" id=\"ACalc_EUR1Y\" type=\"submit\">\n\t\t\t\t\t<span class=\"elementor-button-content-wrapper\">\n\t\t\t\t\t\t<span class=\"elementor-button-icon\">\n\t\t\t\t<svg aria-hidden=\"true\" class=\"e-font-icon-svg e-fab-paypal\" viewBox=\"0 0 384 512\" xmlns=\"http:\/\/www.w3.org\/2000\/svg\"><path d=\"M111.4 295.9c-3.5 19.2-17.4 108.7-21.5 134-.3 1.8-1 2.5-3 2.5H12.3c-7.6 0-13.1-6.6-12.1-13.9L58.8 46.6c1.5-9.6 10.1-16.9 20-16.9 152.3 0 165.1-3.7 204 11.4 60.1 23.3 65.6 79.5 44 140.3-21.5 62.6-72.5 89.5-140.1 90.3-43.4.7-69.5-7-75.3 24.2zM357.1 152c-1.8-1.3-2.5-1.8-3 1.3-2 11.4-5.1 22.5-8.8 33.6-39.9 113.8-150.5 103.9-204.5 103.9-6.1 0-10.1 3.3-10.9 9.4-22.6 140.4-27.1 169.7-27.1 169.7-1 7.1 3.5 12.9 10.6 12.9h63.5c8.6 0 15.7-6.3 17.4-14.9.7-5.4-1.1 6.1 14.4-91.3 4.6-22 14.3-19.7 29.3-19.7 71 0 126.4-28.8 142.9-112.3 6.5-34.8 4.6-71.4-23.8-92.6z\"><\/path><\/svg>\t\t\t<\/span>\n\t\t\t\t\t\t\t\t\t<span class=\"elementor-button-text\">Check out 14,99\u20ac <\/span>\n\t\t\t\t\t<\/span>\n\t\t\t\t<\/button>\n\t\t\t\t<\/form>\n\t\t\t\t\t\t\t\t\t\t<\/div>\n\t\t\t\t<\/div>\n\t\t<div class=\"elementor-element elementor-element-d1982cd e-con-full e-flex e-con e-child\" data-id=\"d1982cd\" data-element_type=\"container\" data-e-type=\"container\">\n\t\t\t\t<div class=\"elementor-element elementor-element-50928fc elementor-align-left elementor-widget elementor-widget-paypal-button\" data-id=\"50928fc\" data-element_type=\"widget\" data-e-type=\"widget\" data-settings=\"{&quot;merchant_account&quot;:&quot;simple&quot;}\" data-widget_type=\"paypal-button.default\">\n\t\t\t\t\t\t\t\t\t\t\t\t<form action=\"https:\/\/www.paypal.com\/cgi-bin\/webscr\" method=\"post\" target=\"_blank\">\n\t\t\t<input type=\"hidden\" name=\"cmd\" value=\"_xclick\" \/>\n\t\t\t<input type=\"hidden\" name=\"business\" value=\"info@hsk.com.de\" \/>\n\t\t\t<input type=\"hidden\" name=\"lc\" value=\"US\" \/>\n\t\t\t<input type=\"hidden\" name=\"item_name\" value=\"ACalc_1Y_USD\" \/>\n\t\t\t<input type=\"hidden\" name=\"item_number\" value=\"ACalc_1Y_USD\" \/>\n\t\t\t<input type=\"hidden\" name=\"currency_code\" value=\"USD\" \/>\n\t\t\t<input type=\"hidden\" name=\"amount\" value=\"13.86\" \/>\n\t\t\t<input type=\"hidden\" name=\"no_note\" value=\"1\">\n\n\t\t\t\t\t\t\t<input type=\"hidden\" name=\"shipping\" value=\"0\" \/>\n\t\t\t\t<input type=\"hidden\" name=\"tax_rate\" value=\"19\" \/>\n\t\t\t\t<input type=\"hidden\" name=\"quantity\" value=\"1\" \/>\n\t\t\t\t\t\t\t\t<input type=\"hidden\" name=\"return\" value=\"https:\/\/www.aquacalculator.com\/wordpress\/pp_success\/\">\n\t\t\t\t\t\t<button class=\"elementor-button elementor-size-sm elementor-animation-grow elementor-paypal-legacy elementor-payment-button\" role=\"button\" id=\"ACalc_USD1Y\" type=\"submit\">\n\t\t\t\t\t<span class=\"elementor-button-content-wrapper\">\n\t\t\t\t\t\t<span class=\"elementor-button-icon\">\n\t\t\t\t<svg aria-hidden=\"true\" class=\"e-font-icon-svg e-fab-paypal\" viewBox=\"0 0 384 512\" xmlns=\"http:\/\/www.w3.org\/2000\/svg\"><path d=\"M111.4 295.9c-3.5 19.2-17.4 108.7-21.5 134-.3 1.8-1 2.5-3 2.5H12.3c-7.6 0-13.1-6.6-12.1-13.9L58.8 46.6c1.5-9.6 10.1-16.9 20-16.9 152.3 0 165.1-3.7 204 11.4 60.1 23.3 65.6 79.5 44 140.3-21.5 62.6-72.5 89.5-140.1 90.3-43.4.7-69.5-7-75.3 24.2zM357.1 152c-1.8-1.3-2.5-1.8-3 1.3-2 11.4-5.1 22.5-8.8 33.6-39.9 113.8-150.5 103.9-204.5 103.9-6.1 0-10.1 3.3-10.9 9.4-22.6 140.4-27.1 169.7-27.1 169.7-1 7.1 3.5 12.9 10.6 12.9h63.5c8.6 0 15.7-6.3 17.4-14.9.7-5.4-1.1 6.1 14.4-91.3 4.6-22 14.3-19.7 29.3-19.7 71 0 126.4-28.8 142.9-112.3 6.5-34.8 4.6-71.4-23.8-92.6z\"><\/path><\/svg>\t\t\t<\/span>\n\t\t\t\t\t\t\t\t\t<span class=\"elementor-button-text\">Check out 16,49$<\/span>\n\t\t\t\t\t<\/span>\n\t\t\t\t<\/button>\n\t\t\t\t<\/form>\n\t\t\t\t\t\t\t\t\t\t<\/div>\n\t\t\t\t<\/div>\n\t\t\t\t\t<\/div>\n\t\t\t\t<\/div>\n\t\t\t\t<\/div>\n\t\t","protected":false},"excerpt":{"rendered":"<p>Aqua Calculator &#8211; Microsoft Windows 1 Year &#8211; License (no automatic renewal) 1 Jahres Lizenz (verl\u00e4ngert sich nicht automatisch) 1 a\u00f1o &#8211; Licencia (sin renovaci\u00f3n autom\u00e1tica) 1 anno &#8211; Licenza (nessun rinnovo automatico) 1 an &#8211; Licence (pas de renouvellement automatique) 1 jaar &#8211; Licentie (geen automatische verlenging) 1 \u00e5r &#8211; Licens (ingen automatisk f\u00f6rnyelse) &hellip;<\/p>\n<p class=\"read-more\"> <a class=\"\" href=\"https:\/\/www.aquacalculator.com\/wordpress\/pp_checkout\/\"> <span class=\"screen-reader-text\">LP Paypal Checkout<\/span> Weiterlesen &raquo;<\/a><\/p>\n","protected":false},"author":2,"featured_media":0,"parent":0,"menu_order":0,"comment_status":"closed","ping_status":"closed","template":"elementor_canvas","meta":{"_monsterinsights_skip_tracking":false,"_monsterinsights_sitenote_active":false,"_monsterinsights_sitenote_note":"","_monsterinsights_sitenote_category":0,"site-sidebar-layout":"default","site-content-layout":"default","ast-global-header-display":"","ast-banner-title-visibility":"","ast-main-header-display":"","ast-hfb-above-header-display":"","ast-hfb-below-header-display":"","ast-hfb-mobile-header-display":"","site-post-title":"","ast-breadcrumbs-content":"","ast-featured-img":"","footer-sml-layout":"","theme-transparent-header-meta":"","adv-header-id-meta":"","stick-header-meta":"","header-above-stick-meta":"","header-main-stick-meta":"","header-below-stick-meta":"","footnotes":""},"class_list":["post-2388","page","type-page","status-publish","hentry"],"_links":{"self":[{"href":"https:\/\/www.aquacalculator.com\/wordpress\/wp-json\/wp\/v2\/pages\/2388","targetHints":{"allow":["GET"]}}],"collection":[{"href":"https:\/\/www.aquacalculator.com\/wordpress\/wp-json\/wp\/v2\/pages"}],"about":[{"href":"https:\/\/www.aquacalculator.com\/wordpress\/wp-json\/wp\/v2\/types\/page"}],"author":[{"embeddable":true,"href":"https:\/\/www.aquacalculator.com\/wordpress\/wp-json\/wp\/v2\/users\/2"}],"replies":[{"embeddable":true,"href":"https:\/\/www.aquacalculator.com\/wordpress\/wp-json\/wp\/v2\/comments?post=2388"}],"version-history":[{"count":17,"href":"https:\/\/www.aquacalculator.com\/wordpress\/wp-json\/wp\/v2\/pages\/2388\/revisions"}],"predecessor-version":[{"id":3477,"href":"https:\/\/www.aquacalculator.com\/wordpress\/wp-json\/wp\/v2\/pages\/2388\/revisions\/3477"}],"wp:attachment":[{"href":"https:\/\/www.aquacalculator.com\/wordpress\/wp-json\/wp\/v2\/media?parent=2388"}],"curies":[{"name":"wp","href":"https:\/\/api.w.org\/{rel}","templated":true}]}}