{"id":2744,"date":"2022-04-22T09:14:04","date_gmt":"2022-04-22T07:14:04","guid":{"rendered":"https:\/\/www.aquacalculator.com\/wordpress\/?page_id=2744"},"modified":"2023-08-06T15:21:39","modified_gmt":"2023-08-06T13:21:39","slug":"datasecurity-sv","status":"publish","type":"page","link":"https:\/\/www.aquacalculator.com\/wordpress\/datasecurity-sv\/","title":{"rendered":"Dataprotection (SV)"},"content":{"rendered":"\t\t<div data-elementor-type=\"wp-page\" data-elementor-id=\"2744\" class=\"elementor elementor-2744\" data-elementor-post-type=\"page\">\n\t\t\t\t<div class=\"elementor-element elementor-element-dc51c52 e-flex e-con-boxed e-con e-parent\" data-id=\"dc51c52\" data-element_type=\"container\" data-e-type=\"container\">\n\t\t\t\t\t<div class=\"e-con-inner\">\n\t\t\t\t<div class=\"elementor-element elementor-element-5542e96 elementor-widget elementor-widget-image\" data-id=\"5542e96\" data-element_type=\"widget\" data-e-type=\"widget\" data-widget_type=\"image.default\">\n\t\t\t\t\t\t\t\t\t\t\t\t\t\t\t<img fetchpriority=\"high\" decoding=\"async\" width=\"1024\" height=\"300\" src=\"https:\/\/www.aquacalculator.com\/wordpress\/wp-content\/uploads\/2023\/08\/DataProtection_1024x300.jpg\" class=\"attachment-large size-large wp-image-2585\" alt=\"Data protection\" srcset=\"https:\/\/www.aquacalculator.com\/wordpress\/wp-content\/uploads\/2023\/08\/DataProtection_1024x300.jpg 1024w, https:\/\/www.aquacalculator.com\/wordpress\/wp-content\/uploads\/2023\/08\/DataProtection_1024x300-300x88.jpg 300w, https:\/\/www.aquacalculator.com\/wordpress\/wp-content\/uploads\/2023\/08\/DataProtection_1024x300-768x225.jpg 768w\" sizes=\"(max-width: 1024px) 100vw, 1024px\" \/>\t\t\t\t\t\t\t\t\t\t\t\t\t\t\t<\/div>\n\t\t\t\t\t<\/div>\n\t\t\t\t<\/div>\n\t\t<div class=\"elementor-element elementor-element-1034632 e-flex e-con-boxed e-con e-parent\" data-id=\"1034632\" data-element_type=\"container\" data-e-type=\"container\">\n\t\t\t\t\t<div class=\"e-con-inner\">\n\t\t<div class=\"elementor-element elementor-element-8855258 e-con-full e-flex e-con e-parent\" data-id=\"8855258\" data-element_type=\"container\" data-e-type=\"container\">\n\t\t\t\t<div class=\"elementor-element elementor-element-41078bb elementor-widget elementor-widget-text-editor\" data-id=\"41078bb\" data-element_type=\"widget\" data-e-type=\"widget\" data-widget_type=\"text-editor.default\">\n\t\t\t\t\t\t\t\t\t<p><\/p>\n<p>Ansvarig i dataskyddslagens mening: Martin Kuhn, Estinger Stra\u00dfe 2c, 81249 M\u00fcnchen Deutschland<\/p>\n<h5>1. Sekretess<\/h5>\n<p>Som webbplatsoperat\u00f6r tar vi skyddet av personuppgifter p\u00e5 allvar. All personlig information behandlas konfidentiellt och i enlighet med g\u00e4llande lagbest\u00e4mmelser.<\/p>\n<p>Anv\u00e4ndningen av v\u00e5r webbplats \u00e4r m\u00f6jlig utan att l\u00e4mna personuppgifter. Men om personuppgifter efterfr\u00e5gas (namn, adress, e-postadress, etc ), g\u00f6rs detta p\u00e5 frivillig basis. Data som samlas in av oss kommer inte vid n\u00e5got tillf\u00e4lle att vidarebefordras till tredje part utan ditt uttryckliga tillst\u00e5nd.<\/p>\n<p>Vi p\u00e5pekar att data\u00f6verf\u00f6ring p\u00e5 Internet alltid inneb\u00e4r vissa kvarst\u00e5ende risker.<\/p>\n<p>\u00a0<\/p>\n<h5>2.\u00a0Information, radering, blockering<\/h5>\n<p>Du kan n\u00e4r som helst informera dig om personuppgifter, deras ursprung, mottagare samt f\u00f6rdelarna med databehandling och beg\u00e4ra r\u00e4ttelse, blockering eller radering av dessa uppgifter kostnadsfritt. Vi \u00e4r ocks\u00e5 tillg\u00e4ngliga n\u00e4r som helst f\u00f6r ytterligare fr\u00e5gor om detta \u00e4mne.<\/p>\n<h5>3. Server-loggfiler<\/h5>\n<p>V\u00e5r webbplatsleverant\u00f6r (Strato) samlar automatiskt in och lagrar data i serverloggfiler som \u00f6verf\u00f6rs av din webbl\u00e4sare. Dessa data inkluderar: Webbl\u00e4sartyp\/version, datorns operativsystem, h\u00e4nvisnings-URL, v\u00e4rdnamn p\u00e5 den \u00e5tkomstdator, datum och tid f\u00f6r serverf\u00f6rfr\u00e5gan.<br \/>Dessa uppgifter \u00e4r inte personliga. Dessa data sl\u00e5s inte samman med andra datak\u00e4llor. Om vi blir medvetna om konkreta indikationer p\u00e5 olaglig anv\u00e4ndning f\u00f6rbeh\u00e5ller vi oss r\u00e4tten att kontrollera dessa uppgifter i efterhand.<\/p>\n<p>\u00a0<\/p>\n<h5><br \/>4. Cookies<\/h5>\n<p>De flesta internetsidor anv\u00e4nder cookies. Dessa \u00e4r ofarliga f\u00f6r din dator. De anv\u00e4nds f\u00f6r att g\u00f6ra erbjudanden f\u00f6r webbplatsbes\u00f6kare v\u00e4nligare, effektivare och s\u00e4krare. Cookies \u00e4r sm\u00e5 textfiler som lagras p\u00e5 din dator och anv\u00e4nds av din webbl\u00e4sare.<\/p>\n<p>Vi anv\u00e4nder vanligtvis s\u00e5 kallade &#8222;sessionscookies&#8220;. Dessa raderas automatiskt n\u00e4r du l\u00e4mnar v\u00e5r sida. Andra cookies f\u00f6rblir lagrade p\u00e5 din dator tills du raderar dem. Dessa cookies hj\u00e4lper till att k\u00e4nna igen din dator vid ditt n\u00e4sta bes\u00f6k.<\/p>\n<p>Du kan anv\u00e4nda dina webbl\u00e4sarinst\u00e4llningar f\u00f6r att ange att du ska informeras om nya cookies och att du m\u00e5ste acceptera cookies i varje enskilt fall. P\u00e5 samma s\u00e4tt kan du utesluta godk\u00e4nnande av cookies i vissa fall eller generellt eller aktivera automatisk radering av cookies n\u00e4r du st\u00e4nger webbl\u00e4saren. Om cookies avaktiveras kan detta leda till begr\u00e4nsningar f\u00f6r v\u00e5r webbplats.<\/p>\n<p>\u00a0<\/p>\n<h5><br \/>5.\u00a0\u00c4ndring av sekretesspolicyn<\/h5>\n<p>Denna integritetspolicy kan komma att \u00e4ndras med oregelbundna intervaller f\u00f6r att f\u00f6lja g\u00e4llande lagkrav eller \u00e4ndringar av v\u00e5ra tj\u00e4nster (t.ex. till\u00e4gg av ytterligare erbjudanden). Den f\u00f6r n\u00e4rvarande g\u00e4llande integritetspolicyn g\u00e4ller f\u00f6r ditt bes\u00f6k.<\/p>\n<h5>6. Kontakt<\/h5>\n<p>F\u00f6r fr\u00e5gor om integritet skicka ett meddelande till: martin.kuhn@aquacalculator.com med e-post\u00e4mnet &#8222;Dataskydd&#8220;.<\/p>\n<p><\/p>\t\t\t\t\t\t\t\t<\/div>\n\t\t\t\t<\/div>\n\t\t\t\t\t<\/div>\n\t\t\t\t<\/div>\n\t\t<div class=\"elementor-element elementor-element-506f9104 e-flex e-con-boxed e-con e-parent\" data-id=\"506f9104\" data-element_type=\"container\" data-e-type=\"container\" data-settings=\"{&quot;background_background&quot;:&quot;classic&quot;}\">\n\t\t\t\t\t<div class=\"e-con-inner\">\n\t\t<div class=\"elementor-element elementor-element-efbb462 e-con-full e-flex e-con e-parent\" data-id=\"efbb462\" data-element_type=\"container\" data-e-type=\"container\">\n\t\t\t\t<div class=\"elementor-element elementor-element-47646521 elementor-widget elementor-widget-heading\" data-id=\"47646521\" data-element_type=\"widget\" data-e-type=\"widget\" data-widget_type=\"heading.default\">\n\t\t\t\t\t<p class=\"elementor-heading-title elementor-size-default\">\u00a9 2023  AquaCalculator - All rights reserved<br>\nMartin Kuhn | +49 160 97897123<br>\n81249 Munich - Germany<\/p>\t\t\t\t<\/div>\n\t\t\t\t<\/div>\n\t\t<div class=\"elementor-element elementor-element-7947714a e-con-full e-flex e-con e-parent\" data-id=\"7947714a\" data-element_type=\"container\" data-e-type=\"container\">\n\t\t\t\t<div class=\"elementor-element elementor-element-27aa4149 elementor-widget elementor-widget-heading\" data-id=\"27aa4149\" data-element_type=\"widget\" data-e-type=\"widget\" data-widget_type=\"heading.default\">\n\t\t\t\t\t<p class=\"elementor-heading-title elementor-size-default\"><a href=\"https:\/\/www.aquacalculator.com\/wordpress\/imprint-en\/\">Imprint<\/a><\/p>\t\t\t\t<\/div>\n\t\t\t\t<\/div>\n\t\t<div class=\"elementor-element elementor-element-6d081891 e-con-full e-flex e-con e-parent\" data-id=\"6d081891\" data-element_type=\"container\" data-e-type=\"container\">\n\t\t\t\t<div class=\"elementor-element elementor-element-1c9c1803 elementor-widget elementor-widget-heading\" data-id=\"1c9c1803\" data-element_type=\"widget\" data-e-type=\"widget\" data-widget_type=\"heading.default\">\n\t\t\t\t\t<p class=\"elementor-heading-title elementor-size-default\"><a href=\"https:\/\/www.aquacalculator.com\/wordpress\/datasecurity-en\/\">Data protection<\/a><\/p>\t\t\t\t<\/div>\n\t\t\t\t<\/div>\n\t\t<div class=\"elementor-element elementor-element-5733f32d e-con-full e-flex e-con e-parent\" data-id=\"5733f32d\" data-element_type=\"container\" data-e-type=\"container\">\n\t\t\t\t<div class=\"elementor-element elementor-element-17c06b57 e-grid-align-right e-grid-align-mobile-center elementor-shape-rounded elementor-grid-0 elementor-widget elementor-widget-social-icons\" data-id=\"17c06b57\" data-element_type=\"widget\" data-e-type=\"widget\" data-widget_type=\"social-icons.default\">\n\t\t\t\t\t\t\t<div class=\"elementor-social-icons-wrapper elementor-grid\">\n\t\t\t\t\t\t\t<span class=\"elementor-grid-item\">\n\t\t\t\t\t<a class=\"elementor-icon elementor-social-icon elementor-social-icon-facebook-f elementor-repeater-item-993ef04\" href=\"https:\/\/www.facebook.com\/aquacalculatorInt\" target=\"_blank\">\n\t\t\t\t\t\t<span class=\"elementor-screen-only\">Facebook-f<\/span>\n\t\t\t\t\t\t<svg aria-hidden=\"true\" class=\"e-font-icon-svg e-fab-facebook-f\" viewBox=\"0 0 320 512\" xmlns=\"http:\/\/www.w3.org\/2000\/svg\"><path d=\"M279.14 288l14.22-92.66h-88.91v-60.13c0-25.35 12.42-50.06 52.24-50.06h40.42V6.26S260.43 0 225.36 0c-73.22 0-121.08 44.38-121.08 124.72v70.62H22.89V288h81.39v224h100.17V288z\"><\/path><\/svg>\t\t\t\t\t<\/a>\n\t\t\t\t<\/span>\n\t\t\t\t\t<\/div>\n\t\t\t\t\t\t<\/div>\n\t\t\t\t<\/div>\n\t\t\t\t\t<\/div>\n\t\t\t\t<\/div>\n\t\t\t\t<\/div>\n\t\t","protected":false},"excerpt":{"rendered":"<p>Ansvarig i dataskyddslagens mening: Martin Kuhn, Estinger Stra\u00dfe 2c, 81249 M\u00fcnchen Deutschland 1. Sekretess Som webbplatsoperat\u00f6r tar vi skyddet av personuppgifter p\u00e5 allvar. All personlig information behandlas konfidentiellt och i enlighet med g\u00e4llande lagbest\u00e4mmelser. Anv\u00e4ndningen av v\u00e5r webbplats \u00e4r m\u00f6jlig utan att l\u00e4mna personuppgifter. Men om personuppgifter efterfr\u00e5gas (namn, adress, e-postadress, etc ), g\u00f6rs detta &hellip;<\/p>\n<p class=\"read-more\"> <a class=\"\" href=\"https:\/\/www.aquacalculator.com\/wordpress\/datasecurity-sv\/\"> <span class=\"screen-reader-text\">Dataprotection (SV)<\/span> Weiterlesen &raquo;<\/a><\/p>\n","protected":false},"author":2,"featured_media":0,"parent":0,"menu_order":0,"comment_status":"closed","ping_status":"open","template":"elementor_canvas","meta":{"_monsterinsights_skip_tracking":false,"_monsterinsights_sitenote_active":false,"_monsterinsights_sitenote_note":"","_monsterinsights_sitenote_category":0,"site-sidebar-layout":"default","site-content-layout":"default","ast-global-header-display":"","ast-banner-title-visibility":"","ast-main-header-display":"","ast-hfb-above-header-display":"","ast-hfb-below-header-display":"","ast-hfb-mobile-header-display":"","site-post-title":"","ast-breadcrumbs-content":"","ast-featured-img":"","footer-sml-layout":"","theme-transparent-header-meta":"","adv-header-id-meta":"","stick-header-meta":"","header-above-stick-meta":"","header-main-stick-meta":"","header-below-stick-meta":"","footnotes":""},"class_list":["post-2744","page","type-page","status-publish","hentry"],"_links":{"self":[{"href":"https:\/\/www.aquacalculator.com\/wordpress\/wp-json\/wp\/v2\/pages\/2744","targetHints":{"allow":["GET"]}}],"collection":[{"href":"https:\/\/www.aquacalculator.com\/wordpress\/wp-json\/wp\/v2\/pages"}],"about":[{"href":"https:\/\/www.aquacalculator.com\/wordpress\/wp-json\/wp\/v2\/types\/page"}],"author":[{"embeddable":true,"href":"https:\/\/www.aquacalculator.com\/wordpress\/wp-json\/wp\/v2\/users\/2"}],"replies":[{"embeddable":true,"href":"https:\/\/www.aquacalculator.com\/wordpress\/wp-json\/wp\/v2\/comments?post=2744"}],"version-history":[{"count":4,"href":"https:\/\/www.aquacalculator.com\/wordpress\/wp-json\/wp\/v2\/pages\/2744\/revisions"}],"predecessor-version":[{"id":2748,"href":"https:\/\/www.aquacalculator.com\/wordpress\/wp-json\/wp\/v2\/pages\/2744\/revisions\/2748"}],"wp:attachment":[{"href":"https:\/\/www.aquacalculator.com\/wordpress\/wp-json\/wp\/v2\/media?parent=2744"}],"curies":[{"name":"wp","href":"https:\/\/api.w.org\/{rel}","templated":true}]}}