{"id":2749,"date":"2022-04-22T09:25:31","date_gmt":"2022-04-22T07:25:31","guid":{"rendered":"https:\/\/www.aquacalculator.com\/wordpress\/?page_id=2749"},"modified":"2023-09-08T15:09:02","modified_gmt":"2023-09-08T13:09:02","slug":"imprint-sv","status":"publish","type":"page","link":"https:\/\/www.aquacalculator.com\/wordpress\/imprint-sv\/","title":{"rendered":"Imprint (SV)"},"content":{"rendered":"\t\t<div data-elementor-type=\"wp-page\" data-elementor-id=\"2749\" class=\"elementor elementor-2749\" data-elementor-post-type=\"page\">\n\t\t\t\t<div class=\"elementor-element elementor-element-0abed49 e-flex e-con-boxed e-con e-parent\" data-id=\"0abed49\" data-element_type=\"container\" data-e-type=\"container\">\n\t\t\t\t\t<div class=\"e-con-inner\">\n\t\t\t\t<div class=\"elementor-element elementor-element-8d9f26d elementor-widget elementor-widget-image\" data-id=\"8d9f26d\" data-element_type=\"widget\" data-e-type=\"widget\" data-widget_type=\"image.default\">\n\t\t\t\t\t\t\t\t\t\t\t\t\t\t\t<img fetchpriority=\"high\" decoding=\"async\" width=\"1024\" height=\"300\" src=\"https:\/\/www.aquacalculator.com\/wordpress\/wp-content\/uploads\/2023\/08\/Imprint_1024x300.jpg\" class=\"attachment-large size-large wp-image-2593\" alt=\"Imprint\" srcset=\"https:\/\/www.aquacalculator.com\/wordpress\/wp-content\/uploads\/2023\/08\/Imprint_1024x300.jpg 1024w, https:\/\/www.aquacalculator.com\/wordpress\/wp-content\/uploads\/2023\/08\/Imprint_1024x300-300x88.jpg 300w, https:\/\/www.aquacalculator.com\/wordpress\/wp-content\/uploads\/2023\/08\/Imprint_1024x300-768x225.jpg 768w\" sizes=\"(max-width: 1024px) 100vw, 1024px\" \/>\t\t\t\t\t\t\t\t\t\t\t\t\t\t\t<\/div>\n\t\t\t\t\t<\/div>\n\t\t\t\t<\/div>\n\t\t<div class=\"elementor-element elementor-element-51c3cb2 e-flex e-con-boxed e-con e-parent\" data-id=\"51c3cb2\" data-element_type=\"container\" data-e-type=\"container\">\n\t\t\t\t\t<div class=\"e-con-inner\">\n\t\t<div class=\"elementor-element elementor-element-97926aa e-con-full e-flex e-con e-parent\" data-id=\"97926aa\" data-element_type=\"container\" data-e-type=\"container\">\n\t\t\t\t<div class=\"elementor-element elementor-element-e99f0c2 elementor-widget elementor-widget-text-editor\" data-id=\"e99f0c2\" data-element_type=\"widget\" data-e-type=\"widget\" data-widget_type=\"text-editor.default\">\n\t\t\t\t\t\t\t\t\t<p>Ansvarig f\u00f6r inneh\u00e5llet p\u00e5 dessa sidor: Martin Kuhn, Estinger Stra\u00dfe 2c, 81249 M\u00fcnchen Tyskland, <a href=\"mailto:martin.kuhn@aquacalculator.com\">martin.kuhn@aquacalculator.com<\/a><\/p><h5>1. Ansvarsbegr\u00e4nsning<\/h5><p>Inneh\u00e5llet p\u00e5 denna webbplats skapas med st\u00f6rsta m\u00f6jliga omsorg. Leverant\u00f6ren garanterar dock inte riktigheten, fullst\u00e4ndigheten och aktualiteten f\u00f6r det tillhandah\u00e5llna inneh\u00e5llet. Anv\u00e4ndningen av inneh\u00e5llet p\u00e5 webbplatsen sker p\u00e5 anv\u00e4ndarens egen risk. Bidrag identifierade med namn \u00e5terspeglar respektive f\u00f6rfattares \u00e5sikt och inte alltid leverant\u00f6rens \u00e5sikt. Blotta anv\u00e4ndningen av leverant\u00f6rens webbplats utg\u00f6r inte n\u00e5got avtalsf\u00f6rh\u00e5llande mellan anv\u00e4ndaren och leverant\u00f6ren.<\/p><h5>2. Externa l\u00e4nkar<\/h5><p>Denna webbplats inneh\u00e5ller l\u00e4nkar till tredje parts webbplatser (&#8222;externa l\u00e4nkar&#8220;). Dessa webbplatser \u00e4r f\u00f6rem\u00e5l f\u00f6r ansvar fr\u00e5n respektive operat\u00f6r. N\u00e4r de externa l\u00e4nkarna f\u00f6rst skapades kontrollerade leverant\u00f6ren inneh\u00e5llet fr\u00e5n tredje part f\u00f6r eventuella lag\u00f6vertr\u00e4delser. Vid den tiden var inga lag\u00f6vertr\u00e4delser uppenbara. Leverant\u00f6ren har inget inflytande p\u00e5 nuvarande och framtida design och inneh\u00e5ll p\u00e5 de l\u00e4nkade sidorna. Inf\u00f6randet av externa l\u00e4nkar inneb\u00e4r inte att leverant\u00f6ren antar inneh\u00e5llet bakom referensen eller l\u00e4nken som sitt eget. Det \u00e4r inte rimligt att leverant\u00f6ren st\u00e4ndigt \u00f6vervakar de externa l\u00e4nkarna utan konkreta bevis p\u00e5 lag\u00f6vertr\u00e4delser. Men vid k\u00e4nnedom om lag\u00f6vertr\u00e4delser kommer s\u00e5dana externa l\u00e4nkar att raderas omedelbart.<\/p><h5>3. Egna upphovsr\u00e4tter och tillh\u00f6rande upphovsr\u00e4tter<\/h5><p>Inneh\u00e5llet som publiceras p\u00e5 denna webbplats \u00e4r f\u00f6rem\u00e5l f\u00f6r tysk upphovsr\u00e4tt och tillh\u00f6rande upphovsr\u00e4ttslagstiftning. All anv\u00e4ndning som inte \u00e4r till\u00e5ten enligt tysk upphovsr\u00e4tt och tillh\u00f6rande upphovsr\u00e4ttslagar kr\u00e4ver skriftligt f\u00f6rhandsgodk\u00e4nnande fr\u00e5n leverant\u00f6ren eller respektive upphovsr\u00e4ttsinnehavare. Detta g\u00e4ller s\u00e4rskilt kopiering, redigering, \u00f6vers\u00e4ttning, lagring, bearbetning eller reproduktion av inneh\u00e5ll i databaser eller andra elektroniska medier och system. Inneh\u00e5ll och r\u00e4ttigheter f\u00f6r tredje part \u00e4r markerade som s\u00e5dana. Otill\u00e5ten reproduktion eller distribution av individuellt inneh\u00e5ll eller hela sidor \u00e4r inte till\u00e5ten och \u00e4r straffbart enligt lag. Endast framst\u00e4llning av kopior och nedladdningar f\u00f6r personligt, privat och icke-kommersiellt bruk \u00e4r till\u00e5tet.<\/p><p>Visning av denna webbplats i externa ramar \u00e4r endast till\u00e5ten med skriftligt tillst\u00e5nd.<\/p><h5>4. Intr\u00e5ng i andras \u00e4gander\u00e4tt<\/h5><p>Om du misst\u00e4nker att denna webbplats, eller ett program eller dokumentation som erbjuds p\u00e5 denna webbplats, bryter mot en av dina \u00e4gander\u00e4tter, v\u00e4nligen meddela oss omedelbart via e-post s\u00e5 att vi kan ta bort det omtvistade, intr\u00e5ngselementet utan dr\u00f6jsm\u00e5l. Observera: Det tidskr\u00e4vande engagemanget av en advokat f\u00f6r att utf\u00e4rda ett varningsmeddelande med kostnader f\u00f6r \u00e4garen av denna webbplats motsvarar inte hans verkliga eller f\u00f6rmodade vilja. Eventuella kostnader \u00e4r d\u00e4rf\u00f6r inte ers\u00e4ttningsgilla &#8211; t.ex. i samband med ledning utan mandat. Meddelande om varningsf\u00f6rs\u00f6k. Skulle inneh\u00e5llet eller presentationen av dessa sidor bryta mot tredje parts r\u00e4ttigheter eller juridiska f\u00f6reskrifter ber vi om ett motsvarande meddelande utan kostnadsnota. Vi garanterar att de med r\u00e4tta inv\u00e4ndningar tas bort omedelbart utan att du beh\u00f6ver anlita en advokat. En advokats inblandning f\u00f6r att varna tj\u00e4nsteleverant\u00f6ren till sj\u00e4lvkostnadspris motsvarar inte hans verkliga eller f\u00f6rmodade vilja och skulle s\u00e5ledes inneb\u00e4ra en kr\u00e4nkning av \u00a7 13 para 5 UWG p\u00e5 grund av str\u00e4van efter fr\u00e4mmande m\u00e5l som ett dominerande motiv f\u00f6r att inleda f\u00f6rfaranden, i synnerhet en avsikt att uppn\u00e5 kostnader som den faktiska drivkraften, samt en kr\u00e4nkning av skyldigheten att mildra skadest\u00e5ndet. \u00c4nd\u00e5 kommer alla kostnader som du \u00e5dragit dig utan f\u00f6reg\u00e5ende kontakt att avvisas i sin helhet och vid behov kommer ett genk\u00e4rom\u00e5l att l\u00e4mnas in f\u00f6r brott mot best\u00e4mmelserna som n\u00e4mns h\u00e4r.<\/p><h5>5. S\u00e4rskilda anv\u00e4ndarvillkor[2]<\/h5><p>I den m\u00e5n s\u00e4rskilda villkor f\u00f6r individuell anv\u00e4ndning av denna webbplats avviker fr\u00e5n ovan n\u00e4mnda siffror, kommer detta uttryckligen att anges p\u00e5 l\u00e4mplig plats. I detta fall ska de s\u00e4rskilda anv\u00e4ndarvillkoren g\u00e4lla i respektive enskilda fall.<\/p>\t\t\t\t\t\t\t\t<\/div>\n\t\t\t\t<\/div>\n\t\t\t\t\t<\/div>\n\t\t\t\t<\/div>\n\t\t\t\t<\/div>\n\t\t","protected":false},"excerpt":{"rendered":"<p>Ansvarig f\u00f6r inneh\u00e5llet p\u00e5 dessa sidor: Martin Kuhn, Estinger Stra\u00dfe 2c, 81249 M\u00fcnchen Tyskland, martin.kuhn@aquacalculator.com 1. Ansvarsbegr\u00e4nsning Inneh\u00e5llet p\u00e5 denna webbplats skapas med st\u00f6rsta m\u00f6jliga omsorg. Leverant\u00f6ren garanterar dock inte riktigheten, fullst\u00e4ndigheten och aktualiteten f\u00f6r det tillhandah\u00e5llna inneh\u00e5llet. Anv\u00e4ndningen av inneh\u00e5llet p\u00e5 webbplatsen sker p\u00e5 anv\u00e4ndarens egen risk. Bidrag identifierade med namn \u00e5terspeglar respektive f\u00f6rfattares &hellip;<\/p>\n<p class=\"read-more\"> <a class=\"\" href=\"https:\/\/www.aquacalculator.com\/wordpress\/imprint-sv\/\"> <span class=\"screen-reader-text\">Imprint (SV)<\/span> Weiterlesen &raquo;<\/a><\/p>\n","protected":false},"author":2,"featured_media":0,"parent":0,"menu_order":0,"comment_status":"closed","ping_status":"open","template":"elementor_canvas","meta":{"_monsterinsights_skip_tracking":false,"_monsterinsights_sitenote_active":false,"_monsterinsights_sitenote_note":"","_monsterinsights_sitenote_category":0,"site-sidebar-layout":"default","site-content-layout":"default","ast-global-header-display":"","ast-banner-title-visibility":"","ast-main-header-display":"","ast-hfb-above-header-display":"","ast-hfb-below-header-display":"","ast-hfb-mobile-header-display":"","site-post-title":"","ast-breadcrumbs-content":"","ast-featured-img":"","footer-sml-layout":"","theme-transparent-header-meta":"","adv-header-id-meta":"","stick-header-meta":"","header-above-stick-meta":"","header-main-stick-meta":"","header-below-stick-meta":"","footnotes":""},"class_list":["post-2749","page","type-page","status-publish","hentry"],"_links":{"self":[{"href":"https:\/\/www.aquacalculator.com\/wordpress\/wp-json\/wp\/v2\/pages\/2749","targetHints":{"allow":["GET"]}}],"collection":[{"href":"https:\/\/www.aquacalculator.com\/wordpress\/wp-json\/wp\/v2\/pages"}],"about":[{"href":"https:\/\/www.aquacalculator.com\/wordpress\/wp-json\/wp\/v2\/types\/page"}],"author":[{"embeddable":true,"href":"https:\/\/www.aquacalculator.com\/wordpress\/wp-json\/wp\/v2\/users\/2"}],"replies":[{"embeddable":true,"href":"https:\/\/www.aquacalculator.com\/wordpress\/wp-json\/wp\/v2\/comments?post=2749"}],"version-history":[{"count":7,"href":"https:\/\/www.aquacalculator.com\/wordpress\/wp-json\/wp\/v2\/pages\/2749\/revisions"}],"predecessor-version":[{"id":3585,"href":"https:\/\/www.aquacalculator.com\/wordpress\/wp-json\/wp\/v2\/pages\/2749\/revisions\/3585"}],"wp:attachment":[{"href":"https:\/\/www.aquacalculator.com\/wordpress\/wp-json\/wp\/v2\/media?parent=2749"}],"curies":[{"name":"wp","href":"https:\/\/api.w.org\/{rel}","templated":true}]}}