{"id":2765,"date":"2022-01-04T14:47:59","date_gmt":"2022-01-04T12:47:59","guid":{"rendered":"https:\/\/www.aquacalculator.com\/wordpress\/?page_id=2765"},"modified":"2023-08-06T16:26:41","modified_gmt":"2023-08-06T14:26:41","slug":"por_en-2","status":"publish","type":"page","link":"https:\/\/www.aquacalculator.com\/wordpress\/por_en-2\/","title":{"rendered":"Portal (ES)"},"content":{"rendered":"\t\t<div data-elementor-type=\"wp-page\" data-elementor-id=\"2765\" class=\"elementor elementor-2765\" data-elementor-post-type=\"page\">\n\t\t\t\t<div class=\"elementor-element elementor-element-84c9d0a e-flex e-con-boxed e-con e-parent\" data-id=\"84c9d0a\" data-element_type=\"container\" data-e-type=\"container\" data-settings=\"{&quot;background_background&quot;:&quot;classic&quot;}\">\n\t\t\t\t\t<div class=\"e-con-inner\">\n\t\t\t\t<div class=\"elementor-element elementor-element-616893e elementor-nav-menu--dropdown-tablet elementor-nav-menu__text-align-aside elementor-nav-menu--toggle elementor-nav-menu--burger elementor-widget elementor-widget-nav-menu\" data-id=\"616893e\" data-element_type=\"widget\" data-e-type=\"widget\" data-settings=\"{&quot;layout&quot;:&quot;horizontal&quot;,&quot;submenu_icon&quot;:{&quot;value&quot;:&quot;&lt;svg aria-hidden=\\&quot;true\\&quot; class=\\&quot;e-font-icon-svg e-fas-caret-down\\&quot; viewBox=\\&quot;0 0 320 512\\&quot; xmlns=\\&quot;http:\\\/\\\/www.w3.org\\\/2000\\\/svg\\&quot;&gt;&lt;path d=\\&quot;M31.3 192h257.3c17.8 0 26.7 21.5 14.1 34.1L174.1 354.8c-7.8 7.8-20.5 7.8-28.3 0L17.2 226.1C4.6 213.5 13.5 192 31.3 192z\\&quot;&gt;&lt;\\\/path&gt;&lt;\\\/svg&gt;&quot;,&quot;library&quot;:&quot;fa-solid&quot;},&quot;toggle&quot;:&quot;burger&quot;}\" data-widget_type=\"nav-menu.default\">\n\t\t\t\t\t\t\t\t<nav aria-label=\"Men\u00fc\" class=\"elementor-nav-menu--main elementor-nav-menu__container elementor-nav-menu--layout-horizontal e--pointer-underline e--animation-fade\">\n\t\t\t\t<ul id=\"menu-1-616893e\" class=\"elementor-nav-menu\"><li class=\"menu-item menu-item-type-post_type menu-item-object-page menu-item-3405\"><a href=\"https:\/\/www.aquacalculator.com\/wordpress\/language\/es\/\" class=\"elementor-item menu-link\">Casa<\/a><\/li>\n<li class=\"menu-item menu-item-type-post_type menu-item-object-page menu-item-has-children menu-item-3070\"><a href=\"https:\/\/www.aquacalculator.com\/wordpress\/myhome-es\/\" class=\"elementor-item menu-link\">Elegir versi\u00f3n&#8230;<span role=\"application\" class=\"dropdown-menu-toggle ast-header-navigation-arrow\" tabindex=\"0\" aria-expanded=\"false\" aria-label=\"Men\u00fc umschalten\" ><\/span><\/a>\n<ul class=\"sub-menu elementor-nav-menu--dropdown\">\n\t<li class=\"menu-item menu-item-type-post_type menu-item-object-page menu-item-1219\"><a href=\"https:\/\/www.aquacalculator.com\/wordpress\/win_es\/\" class=\"elementor-sub-item menu-link\">&#8230; Windows<\/a><\/li>\n\t<li class=\"menu-item menu-item-type-post_type menu-item-object-page menu-item-1354\"><a href=\"https:\/\/www.aquacalculator.com\/wordpress\/app_es\/\" class=\"elementor-sub-item menu-link\">&#8230; Apple<\/a><\/li>\n\t<li class=\"menu-item menu-item-type-post_type menu-item-object-page menu-item-1496\"><a href=\"https:\/\/www.aquacalculator.com\/wordpress\/and_es\/\" class=\"elementor-sub-item menu-link\">&#8230; Android<\/a><\/li>\n<\/ul>\n<\/li>\n<li class=\"menu-item menu-item-type-post_type menu-item-object-page menu-item-1770\"><a href=\"https:\/\/www.aquacalculator.com\/wordpress\/faq_es\/\" class=\"elementor-item menu-link\">FAQs y compendios<\/a><\/li>\n<li class=\"menu-item menu-item-type-post_type menu-item-object-page menu-item-2830\"><a href=\"https:\/\/www.aquacalculator.com\/wordpress\/por_en-2\/\" class=\"elementor-item menu-link\">Portal<\/a><\/li>\n<li class=\"menu-item menu-item-type-custom menu-item-object-custom menu-item-1525\"><a href=\"#pll_switcher\" class=\"elementor-item elementor-item-anchor menu-link\">Sprachen<\/a><\/li>\n<\/ul>\t\t\t<\/nav>\n\t\t\t\t\t<div class=\"elementor-menu-toggle\" role=\"button\" tabindex=\"0\" aria-label=\"Men\u00fc Umschalter\" aria-expanded=\"false\">\n\t\t\t<svg aria-hidden=\"true\" role=\"presentation\" class=\"elementor-menu-toggle__icon--open e-font-icon-svg e-eicon-menu-bar\" viewBox=\"0 0 1000 1000\" xmlns=\"http:\/\/www.w3.org\/2000\/svg\"><path d=\"M104 333H896C929 333 958 304 958 271S929 208 896 208H104C71 208 42 237 42 271S71 333 104 333ZM104 583H896C929 583 958 554 958 521S929 458 896 458H104C71 458 42 487 42 521S71 583 104 583ZM104 833H896C929 833 958 804 958 771S929 708 896 708H104C71 708 42 737 42 771S71 833 104 833Z\"><\/path><\/svg><svg aria-hidden=\"true\" role=\"presentation\" class=\"elementor-menu-toggle__icon--close e-font-icon-svg e-eicon-close\" viewBox=\"0 0 1000 1000\" xmlns=\"http:\/\/www.w3.org\/2000\/svg\"><path d=\"M742 167L500 408 258 167C246 154 233 150 217 150 196 150 179 158 167 167 154 179 150 196 150 212 150 229 154 242 171 254L408 500 167 742C138 771 138 800 167 829 196 858 225 858 254 829L496 587 738 829C750 842 767 846 783 846 800 846 817 842 829 829 842 817 846 804 846 783 846 767 842 750 829 737L588 500 833 258C863 229 863 200 833 171 804 137 775 137 742 167Z\"><\/path><\/svg>\t\t<\/div>\n\t\t\t\t\t<nav class=\"elementor-nav-menu--dropdown elementor-nav-menu__container\" aria-hidden=\"true\">\n\t\t\t\t<ul id=\"menu-2-616893e\" class=\"elementor-nav-menu\"><li class=\"menu-item menu-item-type-post_type menu-item-object-page menu-item-3405\"><a href=\"https:\/\/www.aquacalculator.com\/wordpress\/language\/es\/\" class=\"elementor-item menu-link\" tabindex=\"-1\">Casa<\/a><\/li>\n<li class=\"menu-item menu-item-type-post_type menu-item-object-page menu-item-has-children menu-item-3070\"><a href=\"https:\/\/www.aquacalculator.com\/wordpress\/myhome-es\/\" class=\"elementor-item menu-link\" tabindex=\"-1\">Elegir versi\u00f3n&#8230;<span role=\"application\" class=\"dropdown-menu-toggle ast-header-navigation-arrow\" tabindex=\"0\" aria-expanded=\"false\" aria-label=\"Men\u00fc umschalten\" ><\/span><\/a>\n<ul class=\"sub-menu elementor-nav-menu--dropdown\">\n\t<li class=\"menu-item menu-item-type-post_type menu-item-object-page menu-item-1219\"><a href=\"https:\/\/www.aquacalculator.com\/wordpress\/win_es\/\" class=\"elementor-sub-item menu-link\" tabindex=\"-1\">&#8230; Windows<\/a><\/li>\n\t<li class=\"menu-item menu-item-type-post_type menu-item-object-page menu-item-1354\"><a href=\"https:\/\/www.aquacalculator.com\/wordpress\/app_es\/\" class=\"elementor-sub-item menu-link\" tabindex=\"-1\">&#8230; Apple<\/a><\/li>\n\t<li class=\"menu-item menu-item-type-post_type menu-item-object-page menu-item-1496\"><a href=\"https:\/\/www.aquacalculator.com\/wordpress\/and_es\/\" class=\"elementor-sub-item menu-link\" tabindex=\"-1\">&#8230; Android<\/a><\/li>\n<\/ul>\n<\/li>\n<li class=\"menu-item menu-item-type-post_type menu-item-object-page menu-item-1770\"><a href=\"https:\/\/www.aquacalculator.com\/wordpress\/faq_es\/\" class=\"elementor-item menu-link\" tabindex=\"-1\">FAQs y compendios<\/a><\/li>\n<li class=\"menu-item menu-item-type-post_type menu-item-object-page menu-item-2830\"><a href=\"https:\/\/www.aquacalculator.com\/wordpress\/por_en-2\/\" class=\"elementor-item menu-link\" tabindex=\"-1\">Portal<\/a><\/li>\n<li class=\"menu-item menu-item-type-custom menu-item-object-custom menu-item-1525\"><a href=\"#pll_switcher\" class=\"elementor-item elementor-item-anchor menu-link\" tabindex=\"-1\">Sprachen<\/a><\/li>\n<\/ul>\t\t\t<\/nav>\n\t\t\t\t\t\t<\/div>\n\t\t\t\t\t<\/div>\n\t\t\t\t<\/div>\n\t\t<div class=\"elementor-element elementor-element-e921d4d e-flex e-con-boxed e-con e-parent\" data-id=\"e921d4d\" data-element_type=\"container\" data-e-type=\"container\">\n\t\t\t\t\t<div class=\"e-con-inner\">\n\t\t<div class=\"elementor-element elementor-element-ee74aad e-con-full e-flex e-con e-parent\" data-id=\"ee74aad\" data-element_type=\"container\" data-e-type=\"container\">\n\t\t\t\t<div class=\"elementor-element elementor-element-4ad7829 elementor-widget elementor-widget-heading\" data-id=\"4ad7829\" data-element_type=\"widget\" data-e-type=\"widget\" data-widget_type=\"heading.default\">\n\t\t\t\t\t<h2 class=\"elementor-heading-title elementor-size-default\">Visita nuestro portal de acuarios de agua salada<\/h2>\t\t\t\t<\/div>\n\t\t\t\t<div class=\"elementor-element elementor-element-ebbdd89 elementor-widget elementor-widget-image\" data-id=\"ebbdd89\" data-element_type=\"widget\" data-e-type=\"widget\" data-widget_type=\"image.default\">\n\t\t\t\t\t\t\t\t\t\t\t\t\t\t\t<img fetchpriority=\"high\" decoding=\"async\" width=\"1024\" height=\"300\" src=\"https:\/\/www.aquacalculator.com\/wordpress\/wp-content\/uploads\/2023\/08\/SaltwaterAquarium_Icons_1024x300.jpg\" class=\"attachment-large size-large wp-image-2767\" alt=\"\" srcset=\"https:\/\/www.aquacalculator.com\/wordpress\/wp-content\/uploads\/2023\/08\/SaltwaterAquarium_Icons_1024x300.jpg 1024w, https:\/\/www.aquacalculator.com\/wordpress\/wp-content\/uploads\/2023\/08\/SaltwaterAquarium_Icons_1024x300-300x88.jpg 300w, https:\/\/www.aquacalculator.com\/wordpress\/wp-content\/uploads\/2023\/08\/SaltwaterAquarium_Icons_1024x300-768x225.jpg 768w\" sizes=\"(max-width: 1024px) 100vw, 1024px\" \/>\t\t\t\t\t\t\t\t\t\t\t\t\t\t\t<\/div>\n\t\t\t\t<div class=\"elementor-element elementor-element-f8094eb elementor-align-center elementor-widget elementor-widget-button\" data-id=\"f8094eb\" data-element_type=\"widget\" data-e-type=\"widget\" data-widget_type=\"button.default\">\n\t\t\t\t\t\t\t\t\t\t<a class=\"elementor-button elementor-button-link elementor-size-sm elementor-animation-grow\" href=\"https:\/\/acalc.de\">\n\t\t\t\t\t\t<span class=\"elementor-button-content-wrapper\">\n\t\t\t\t\t\t\t\t\t<span class=\"elementor-button-text\">haga clic aqu\u00ed<\/span>\n\t\t\t\t\t<\/span>\n\t\t\t\t\t<\/a>\n\t\t\t\t\t\t\t\t<\/div>\n\t\t\t\t<div class=\"elementor-element elementor-element-5c96a29 elementor-widget elementor-widget-text-editor\" data-id=\"5c96a29\" data-element_type=\"widget\" data-e-type=\"widget\" data-widget_type=\"text-editor.default\">\n\t\t\t\t\t\t\t\t\t<p>Obtenga m\u00e1s informaci\u00f3n sobre las caracter\u00edsticas de las diferentes versiones de las aplicaciones AquaCalculator<br \/>as\u00ed como sobre los datos de los productos\/recetas ya integrados<\/p>\n<p>&#8230; o experimente la propia plataforma de redes sociales de AquaCalculator conectada a nuestro aCloud<\/p>\t\t\t\t\t\t\t\t<\/div>\n\t\t\t\t<\/div>\n\t\t\t\t\t<\/div>\n\t\t\t\t<\/div>\n\t\t\t\t<section class=\"elementor-section elementor-top-section elementor-element elementor-element-7c7fff4c elementor-section-boxed elementor-section-height-default elementor-section-height-default\" data-id=\"7c7fff4c\" data-element_type=\"section\" data-e-type=\"section\">\n\t\t\t\t\t\t<div class=\"elementor-container elementor-column-gap-default\">\n\t\t\t\t\t<div class=\"elementor-column elementor-col-100 elementor-top-column elementor-element elementor-element-6070f99d\" data-id=\"6070f99d\" data-element_type=\"column\" data-e-type=\"column\">\n\t\t\t<div class=\"elementor-widget-wrap elementor-element-populated\">\n\t\t\t\t\t\t<div class=\"elementor-element elementor-element-5e38da42 elementor-widget elementor-widget-text-editor\" data-id=\"5e38da42\" data-element_type=\"widget\" data-e-type=\"widget\" data-widget_type=\"text-editor.default\">\n\t\t\t\t\t\t\t\t\t\n<h4 class=\"wp-block-image\"><span style=\"color: #2b80be;\">VER<\/span><\/h4>\n<p class=\"wp-block-image\">Obtenga una descripci\u00f3n general de todos los par\u00e1metros importantes de sus propios tanques almacenados en aCloud<br \/>Ver fotos de otros impresionantes tanques de arrecife<\/p>\n<h4 class=\"wp-block-image\"><span style=\"color: #2b80be;\">COMPARTIR<\/span><\/h4>\n<p class=\"wp-block-image\">Requiere su permiso para permitir que otros vean las fotos de su acuario, la documentaci\u00f3n del acuario y m\u00e1s<br \/>\u00bfPrefieres m\u00e1s privacidad? Omita compartir sus datos, permitiendo que otros solo tengan acceso limitado a sus experiencias<\/p>\n<h4 class=\"wp-block-image\"><span style=\"color: #2b80be;\">APRENDER<\/span><\/h4>\n<p class=\"wp-block-image\">Aprende de las experiencias que otros ya han tenido<br \/>Obtenga informaci\u00f3n valiosa, consejos y trucos de otros usuarios<\/p>\n<h4 class=\"wp-block-image\"><span style=\"color: #2b80be;\">INTERCAMBIO<\/span><\/h4>\n<p class=\"wp-block-image\">Intercambio con otros usuarios de AquaCalculator<\/p>\n\t\t\t\t\t\t\t\t<\/div>\n\t\t\t\t\t<\/div>\n\t\t<\/div>\n\t\t\t\t\t<\/div>\n\t\t<\/section>\n\t\t<div class=\"elementor-element elementor-element-f7bd4d5 e-flex e-con-boxed e-con e-parent\" data-id=\"f7bd4d5\" data-element_type=\"container\" data-e-type=\"container\" data-settings=\"{&quot;background_background&quot;:&quot;classic&quot;}\">\n\t\t\t\t\t<div class=\"e-con-inner\">\n\t\t<div class=\"elementor-element elementor-element-24200e5 e-con-full e-flex e-con e-parent\" data-id=\"24200e5\" data-element_type=\"container\" data-e-type=\"container\">\n\t\t\t\t<div class=\"elementor-element elementor-element-e4e1c6e elementor-widget elementor-widget-heading\" data-id=\"e4e1c6e\" data-element_type=\"widget\" data-e-type=\"widget\" data-widget_type=\"heading.default\">\n\t\t\t\t\t<p class=\"elementor-heading-title elementor-size-default\">\u00a9 2023  AquaCalculator - Reservados todos los derechos<br>\nMartin Kuhn | +49 160 97897123<br>\n81249 Munich - Alemania<\/p>\t\t\t\t<\/div>\n\t\t\t\t<\/div>\n\t\t<div class=\"elementor-element elementor-element-65ded3b e-con-full e-flex e-con e-parent\" data-id=\"65ded3b\" data-element_type=\"container\" data-e-type=\"container\">\n\t\t\t\t<div class=\"elementor-element elementor-element-0c3db71 elementor-widget elementor-widget-heading\" data-id=\"0c3db71\" data-element_type=\"widget\" data-e-type=\"widget\" data-widget_type=\"heading.default\">\n\t\t\t\t\t<p class=\"elementor-heading-title elementor-size-default\"><a href=\"https:\/\/www.aquacalculator.com\/wordpress\/imprint-es\/\" target=\"_blank\">Imprimir<\/a><\/p>\t\t\t\t<\/div>\n\t\t\t\t<\/div>\n\t\t<div class=\"elementor-element elementor-element-3a43e6a e-con-full e-flex e-con e-parent\" data-id=\"3a43e6a\" data-element_type=\"container\" data-e-type=\"container\">\n\t\t\t\t<div class=\"elementor-element elementor-element-9db8415 elementor-widget elementor-widget-heading\" data-id=\"9db8415\" data-element_type=\"widget\" data-e-type=\"widget\" data-widget_type=\"heading.default\">\n\t\t\t\t\t<p class=\"elementor-heading-title elementor-size-default\"><a href=\"https:\/\/www.aquacalculator.com\/wordpress\/datasecurity-es\/\" target=\"_blank\">Protecci\u00f3n de Datos<\/a><\/p>\t\t\t\t<\/div>\n\t\t\t\t<\/div>\n\t\t<div class=\"elementor-element elementor-element-7cbd4bb e-con-full e-flex e-con e-parent\" data-id=\"7cbd4bb\" data-element_type=\"container\" data-e-type=\"container\">\n\t\t\t\t<div class=\"elementor-element elementor-element-d590386 e-grid-align-right e-grid-align-mobile-center elementor-shape-rounded elementor-grid-0 elementor-widget elementor-widget-social-icons\" data-id=\"d590386\" data-element_type=\"widget\" data-e-type=\"widget\" data-widget_type=\"social-icons.default\">\n\t\t\t\t\t\t\t<div class=\"elementor-social-icons-wrapper elementor-grid\">\n\t\t\t\t\t\t\t<span class=\"elementor-grid-item\">\n\t\t\t\t\t<a class=\"elementor-icon elementor-social-icon elementor-social-icon-facebook-f elementor-repeater-item-993ef04\" href=\"https:\/\/www.facebook.com\/aquacalculatorInt\" target=\"_blank\">\n\t\t\t\t\t\t<span class=\"elementor-screen-only\">Facebook-f<\/span>\n\t\t\t\t\t\t<svg aria-hidden=\"true\" class=\"e-font-icon-svg e-fab-facebook-f\" viewBox=\"0 0 320 512\" xmlns=\"http:\/\/www.w3.org\/2000\/svg\"><path d=\"M279.14 288l14.22-92.66h-88.91v-60.13c0-25.35 12.42-50.06 52.24-50.06h40.42V6.26S260.43 0 225.36 0c-73.22 0-121.08 44.38-121.08 124.72v70.62H22.89V288h81.39v224h100.17V288z\"><\/path><\/svg>\t\t\t\t\t<\/a>\n\t\t\t\t<\/span>\n\t\t\t\t\t<\/div>\n\t\t\t\t\t\t<\/div>\n\t\t\t\t<\/div>\n\t\t\t\t\t<\/div>\n\t\t\t\t<\/div>\n\t\t\t\t<\/div>\n\t\t","protected":false},"excerpt":{"rendered":"<p>Visita nuestro portal de acuarios de agua salada haga clic aqu\u00ed Obtenga m\u00e1s informaci\u00f3n sobre las caracter\u00edsticas de las diferentes versiones de las aplicaciones AquaCalculatoras\u00ed como sobre los datos de los productos\/recetas ya integrados &#8230; o experimente la propia plataforma de redes sociales de AquaCalculator conectada a nuestro aCloud VER Obtenga una descripci\u00f3n general de &hellip;<\/p>\n<p class=\"read-more\"> <a class=\"\" href=\"https:\/\/www.aquacalculator.com\/wordpress\/por_en-2\/\"> <span class=\"screen-reader-text\">Portal (ES)<\/span> Weiterlesen &raquo;<\/a><\/p>\n","protected":false},"author":2,"featured_media":0,"parent":0,"menu_order":0,"comment_status":"closed","ping_status":"open","template":"elementor_canvas","meta":{"_monsterinsights_skip_tracking":false,"_monsterinsights_sitenote_active":false,"_monsterinsights_sitenote_note":"","_monsterinsights_sitenote_category":0,"site-sidebar-layout":"default","site-content-layout":"default","ast-global-header-display":"","ast-banner-title-visibility":"","ast-main-header-display":"","ast-hfb-above-header-display":"","ast-hfb-below-header-display":"","ast-hfb-mobile-header-display":"","site-post-title":"","ast-breadcrumbs-content":"","ast-featured-img":"","footer-sml-layout":"","theme-transparent-header-meta":"","adv-header-id-meta":"","stick-header-meta":"","header-above-stick-meta":"","header-main-stick-meta":"","header-below-stick-meta":"","footnotes":""},"class_list":["post-2765","page","type-page","status-publish","hentry"],"_links":{"self":[{"href":"https:\/\/www.aquacalculator.com\/wordpress\/wp-json\/wp\/v2\/pages\/2765","targetHints":{"allow":["GET"]}}],"collection":[{"href":"https:\/\/www.aquacalculator.com\/wordpress\/wp-json\/wp\/v2\/pages"}],"about":[{"href":"https:\/\/www.aquacalculator.com\/wordpress\/wp-json\/wp\/v2\/types\/page"}],"author":[{"embeddable":true,"href":"https:\/\/www.aquacalculator.com\/wordpress\/wp-json\/wp\/v2\/users\/2"}],"replies":[{"embeddable":true,"href":"https:\/\/www.aquacalculator.com\/wordpress\/wp-json\/wp\/v2\/comments?post=2765"}],"version-history":[{"count":10,"href":"https:\/\/www.aquacalculator.com\/wordpress\/wp-json\/wp\/v2\/pages\/2765\/revisions"}],"predecessor-version":[{"id":3083,"href":"https:\/\/www.aquacalculator.com\/wordpress\/wp-json\/wp\/v2\/pages\/2765\/revisions\/3083"}],"wp:attachment":[{"href":"https:\/\/www.aquacalculator.com\/wordpress\/wp-json\/wp\/v2\/media?parent=2765"}],"curies":[{"name":"wp","href":"https:\/\/api.w.org\/{rel}","templated":true}]}}