{"id":3041,"date":"2022-04-22T09:25:31","date_gmt":"2022-04-22T07:25:31","guid":{"rendered":"https:\/\/www.aquacalculator.com\/wordpress\/?page_id=3041"},"modified":"2023-09-08T15:08:00","modified_gmt":"2023-09-08T13:08:00","slug":"imprint-it","status":"publish","type":"page","link":"https:\/\/www.aquacalculator.com\/wordpress\/imprint-it\/","title":{"rendered":"Imprint (IT)"},"content":{"rendered":"\t\t<div data-elementor-type=\"wp-page\" data-elementor-id=\"3041\" class=\"elementor elementor-3041\" data-elementor-post-type=\"page\">\n\t\t\t\t<div class=\"elementor-element elementor-element-0abed49 e-flex e-con-boxed e-con e-parent\" data-id=\"0abed49\" data-element_type=\"container\" data-e-type=\"container\">\n\t\t\t\t\t<div class=\"e-con-inner\">\n\t\t\t\t<div class=\"elementor-element elementor-element-8d9f26d elementor-widget elementor-widget-image\" data-id=\"8d9f26d\" data-element_type=\"widget\" data-e-type=\"widget\" data-widget_type=\"image.default\">\n\t\t\t\t\t\t\t\t\t\t\t\t\t\t\t<img fetchpriority=\"high\" decoding=\"async\" width=\"1024\" height=\"300\" src=\"https:\/\/www.aquacalculator.com\/wordpress\/wp-content\/uploads\/2023\/08\/Imprint_1024x300.jpg\" class=\"attachment-large size-large wp-image-2593\" alt=\"Imprint\" srcset=\"https:\/\/www.aquacalculator.com\/wordpress\/wp-content\/uploads\/2023\/08\/Imprint_1024x300.jpg 1024w, https:\/\/www.aquacalculator.com\/wordpress\/wp-content\/uploads\/2023\/08\/Imprint_1024x300-300x88.jpg 300w, https:\/\/www.aquacalculator.com\/wordpress\/wp-content\/uploads\/2023\/08\/Imprint_1024x300-768x225.jpg 768w\" sizes=\"(max-width: 1024px) 100vw, 1024px\" \/>\t\t\t\t\t\t\t\t\t\t\t\t\t\t\t<\/div>\n\t\t\t\t\t<\/div>\n\t\t\t\t<\/div>\n\t\t<div class=\"elementor-element elementor-element-51c3cb2 e-flex e-con-boxed e-con e-parent\" data-id=\"51c3cb2\" data-element_type=\"container\" data-e-type=\"container\">\n\t\t\t\t\t<div class=\"e-con-inner\">\n\t\t<div class=\"elementor-element elementor-element-97926aa e-con-full e-flex e-con e-parent\" data-id=\"97926aa\" data-element_type=\"container\" data-e-type=\"container\">\n\t\t\t\t<div class=\"elementor-element elementor-element-e99f0c2 elementor-widget elementor-widget-text-editor\" data-id=\"e99f0c2\" data-element_type=\"widget\" data-e-type=\"widget\" data-widget_type=\"text-editor.default\">\n\t\t\t\t\t\t\t\t\t<p><\/p>\n<p>Responsabile per il contenuto di queste pagine: Martin Kuhn, Estinger Stra\u00dfe 2c, 81249 M\u00fcnchen Germania, <a href=\"mailto:martin.kuhn@aquacalculator.com\">martin.kuhn@aquacalculator.com<\/a><\/p>\n<h3><span style=\"color: #2b80be;\">1. Limitazione di responsabilit\u00e0<\/span><\/h3>\n<p>I contenuti di questo sito web sono creati con la massima cura possibile. Tuttavia, il fornitore non garantisce l&#8217;accuratezza, la completezza e la tempestivit\u00e0 dei contenuti forniti. L&#8217;utilizzo dei contenuti del sito web \u00e8 a rischio e pericolo dell&#8217;utente. I contributi identificati per nome riflettono l&#8217;opinione del rispettivo autore e non sempre l&#8217;opinione del fornitore. Il semplice utilizzo del sito Web del provider non costituisce alcun rapporto contrattuale tra l&#8217;utente e il provider.<\/p>\n<h3><span style=\"color: #2b80be;\">2. Collegamenti esterni<\/span><\/h3>\n<p>Questo sito Web contiene collegamenti a siti Web di terze parti (&#8222;collegamenti esterni&#8220;). Questi siti web sono soggetti alla responsabilit\u00e0 dei rispettivi gestori. Quando i collegamenti esterni sono stati creati per la prima volta, il provider ha controllato il contenuto di terze parti per eventuali violazioni legali. A quel tempo, non erano evidenti violazioni legali. Il provider non ha alcuna influenza sulla struttura attuale e futura e sul contenuto delle pagine collegate. L&#8217;inclusione di collegamenti esterni non implica che il fornitore adotti come proprio il contenuto dietro il riferimento o il collegamento. Non \u00e8 ragionevole che il provider controlli costantemente i collegamenti esterni senza prove concrete di violazioni legali. Tuttavia, in caso di conoscenza di violazioni legali, tali collegamenti esterni verranno immediatamente cancellati.<\/p>\n<h3><span style=\"color: #2b80be;\">3. Diritti d&#8217;autore propri e diritti d&#8217;autore accessori<\/span><\/h3>\n<p>Il contenuto pubblicato su questo sito Web \u00e8 soggetto al diritto d&#8217;autore tedesco e alla legge sul diritto d&#8217;autore accessoria. Qualsiasi utilizzo non consentito dal diritto d&#8217;autore tedesco e dalla legge sul diritto d&#8217;autore accessoria richiede il previo consenso scritto del fornitore o del rispettivo titolare del diritto d&#8217;autore. Ci\u00f2 vale in particolare per la copia, la modifica, la traduzione, l&#8217;archiviazione, l&#8217;elaborazione o la riproduzione di contenuti in banche dati o altri supporti e sistemi elettronici. Contenuti e diritti di terzi sono contrassegnati come tali. La riproduzione o distribuzione non autorizzata di singoli contenuti o pagine complete non \u00e8 consentita ed \u00e8 perseguibile penalmente. \u00c8 consentita solo la produzione di copie e download per uso personale, privato e non commerciale.<\/p>\n<p>La visualizzazione di questo sito Web in frame esterni \u00e8 consentita solo con autorizzazione scritta.<\/p>\n<p>\u00a0<\/p>\n<h3><br \/><span style=\"color: #2b80be;\">4. Violazione dei diritti di propriet\u00e0 altrui<\/span><\/h3>\n<p>Se sospetti che questo sito Web, o un programma o la documentazione offerti su questo sito Web, violi uno dei tuoi diritti di propriet\u00e0, ti preghiamo di avvisarci immediatamente via e-mail in modo che possiamo rimuovere senza indugio l&#8217;elemento contestato e in violazione. Nota bene: Il dispendioso coinvolgimento di un avvocato per emettere un avviso di diffida con costi al proprietario di questo sito Web non corrisponde alla sua volont\u00e0 reale o presunta. Eventuali costi sostenuti non sono pertanto recuperabili, ad es. nell&#8217;ambito della gestione senza mandato. Avviso per i tentativi di avvertimento. Se il contenuto o la presentazione di queste pagine violano i diritti di terzi o le disposizioni di legge, chiediamo un messaggio corrispondente senza nota di spesa. Ti garantiamo che i passaggi giustamente contestati verranno rimossi immediatamente senza che tu debba ricorrere a un legale. Il coinvolgimento di un avvocato per avvertire il prestatore di servizi al costo non corrisponde alla sua volont\u00e0 reale o presunta e rappresenterebbe quindi una violazione del \u00a7 13 comma 5 UWG a causa del perseguimento di obiettivi estranei come motivo dominante per l&#8217;avvio del procedimento, in particolare l&#8217;intenzione di realizzare i costi come reale forza motrice, nonch\u00e9 una violazione del dovere di mitigare i danni. Tuttavia, eventuali costi da Lei sostenuti senza previo contatto saranno integralmente respinti e, se necessario, verr\u00e0 presentata domanda riconvenzionale per violazione delle disposizioni qui richiamate.<\/p>\n<h3><span style=\"color: #2b80be;\">5. Condizioni d&#8217;uso speciali[2]<\/span><\/h3>\n<p>Nella misura in cui le condizioni speciali per i singoli usi di questo sito Web si discostano dai numeri sopra menzionati, ci\u00f2 sar\u00e0 espressamente indicato nel luogo appropriato. In questo caso, le condizioni speciali di utilizzo si applicano nel rispettivo singolo caso.<\/p>\n<p><\/p>\t\t\t\t\t\t\t\t<\/div>\n\t\t\t\t<\/div>\n\t\t\t\t\t<\/div>\n\t\t\t\t<\/div>\n\t\t\t\t<\/div>\n\t\t","protected":false},"excerpt":{"rendered":"<p>Responsabile per il contenuto di queste pagine: Martin Kuhn, Estinger Stra\u00dfe 2c, 81249 M\u00fcnchen Germania, martin.kuhn@aquacalculator.com 1. Limitazione di responsabilit\u00e0 I contenuti di questo sito web sono creati con la massima cura possibile. Tuttavia, il fornitore non garantisce l&#8217;accuratezza, la completezza e la tempestivit\u00e0 dei contenuti forniti. L&#8217;utilizzo dei contenuti del sito web \u00e8 a &hellip;<\/p>\n<p class=\"read-more\"> <a class=\"\" href=\"https:\/\/www.aquacalculator.com\/wordpress\/imprint-it\/\"> <span class=\"screen-reader-text\">Imprint (IT)<\/span> Weiterlesen &raquo;<\/a><\/p>\n","protected":false},"author":2,"featured_media":0,"parent":0,"menu_order":0,"comment_status":"closed","ping_status":"open","template":"elementor_canvas","meta":{"_monsterinsights_skip_tracking":false,"_monsterinsights_sitenote_active":false,"_monsterinsights_sitenote_note":"","_monsterinsights_sitenote_category":0,"site-sidebar-layout":"default","site-content-layout":"default","ast-global-header-display":"","ast-banner-title-visibility":"","ast-main-header-display":"","ast-hfb-above-header-display":"","ast-hfb-below-header-display":"","ast-hfb-mobile-header-display":"","site-post-title":"","ast-breadcrumbs-content":"","ast-featured-img":"","footer-sml-layout":"","theme-transparent-header-meta":"","adv-header-id-meta":"","stick-header-meta":"","header-above-stick-meta":"","header-main-stick-meta":"","header-below-stick-meta":"","footnotes":""},"class_list":["post-3041","page","type-page","status-publish","hentry"],"_links":{"self":[{"href":"https:\/\/www.aquacalculator.com\/wordpress\/wp-json\/wp\/v2\/pages\/3041","targetHints":{"allow":["GET"]}}],"collection":[{"href":"https:\/\/www.aquacalculator.com\/wordpress\/wp-json\/wp\/v2\/pages"}],"about":[{"href":"https:\/\/www.aquacalculator.com\/wordpress\/wp-json\/wp\/v2\/types\/page"}],"author":[{"embeddable":true,"href":"https:\/\/www.aquacalculator.com\/wordpress\/wp-json\/wp\/v2\/users\/2"}],"replies":[{"embeddable":true,"href":"https:\/\/www.aquacalculator.com\/wordpress\/wp-json\/wp\/v2\/comments?post=3041"}],"version-history":[{"count":7,"href":"https:\/\/www.aquacalculator.com\/wordpress\/wp-json\/wp\/v2\/pages\/3041\/revisions"}],"predecessor-version":[{"id":3579,"href":"https:\/\/www.aquacalculator.com\/wordpress\/wp-json\/wp\/v2\/pages\/3041\/revisions\/3579"}],"wp:attachment":[{"href":"https:\/\/www.aquacalculator.com\/wordpress\/wp-json\/wp\/v2\/media?parent=3041"}],"curies":[{"name":"wp","href":"https:\/\/api.w.org\/{rel}","templated":true}]}}