{"id":3048,"date":"2022-04-22T09:14:04","date_gmt":"2022-04-22T07:14:04","guid":{"rendered":"https:\/\/www.aquacalculator.com\/wordpress\/?page_id=3048"},"modified":"2023-08-06T16:01:33","modified_gmt":"2023-08-06T14:01:33","slug":"datasecurity-it","status":"publish","type":"page","link":"https:\/\/www.aquacalculator.com\/wordpress\/datasecurity-it\/","title":{"rendered":"Dataprotection (IT)"},"content":{"rendered":"\t\t<div data-elementor-type=\"wp-page\" data-elementor-id=\"3048\" class=\"elementor elementor-3048\" data-elementor-post-type=\"page\">\n\t\t\t\t<div class=\"elementor-element elementor-element-dc51c52 e-flex e-con-boxed e-con e-parent\" data-id=\"dc51c52\" data-element_type=\"container\" data-e-type=\"container\">\n\t\t\t\t\t<div class=\"e-con-inner\">\n\t\t\t\t<div class=\"elementor-element elementor-element-5542e96 elementor-widget elementor-widget-image\" data-id=\"5542e96\" data-element_type=\"widget\" data-e-type=\"widget\" data-widget_type=\"image.default\">\n\t\t\t\t\t\t\t\t\t\t\t\t\t\t\t<img fetchpriority=\"high\" decoding=\"async\" width=\"1024\" height=\"300\" src=\"https:\/\/www.aquacalculator.com\/wordpress\/wp-content\/uploads\/2023\/08\/DataProtection_1024x300.jpg\" class=\"attachment-large size-large wp-image-2585\" alt=\"Data protection\" srcset=\"https:\/\/www.aquacalculator.com\/wordpress\/wp-content\/uploads\/2023\/08\/DataProtection_1024x300.jpg 1024w, https:\/\/www.aquacalculator.com\/wordpress\/wp-content\/uploads\/2023\/08\/DataProtection_1024x300-300x88.jpg 300w, https:\/\/www.aquacalculator.com\/wordpress\/wp-content\/uploads\/2023\/08\/DataProtection_1024x300-768x225.jpg 768w\" sizes=\"(max-width: 1024px) 100vw, 1024px\" \/>\t\t\t\t\t\t\t\t\t\t\t\t\t\t\t<\/div>\n\t\t\t\t\t<\/div>\n\t\t\t\t<\/div>\n\t\t<div class=\"elementor-element elementor-element-1034632 e-flex e-con-boxed e-con e-parent\" data-id=\"1034632\" data-element_type=\"container\" data-e-type=\"container\">\n\t\t\t\t\t<div class=\"e-con-inner\">\n\t\t<div class=\"elementor-element elementor-element-8855258 e-con-full e-flex e-con e-parent\" data-id=\"8855258\" data-element_type=\"container\" data-e-type=\"container\">\n\t\t\t\t<div class=\"elementor-element elementor-element-41078bb elementor-widget elementor-widget-text-editor\" data-id=\"41078bb\" data-element_type=\"widget\" data-e-type=\"widget\" data-widget_type=\"text-editor.default\">\n\t\t\t\t\t\t\t\t\t<p><\/p>\n<p>Responsabile ai sensi della legge sulla protezione dei dati: Martin Kuhn, Estinger Stra\u00dfe 2c, 81249 M\u00fcnchen Deutschland<\/p>\n<h3><span style=\"color: #2b80be;\">1. Riservatezza<\/span><\/h3>\n<p>In qualit\u00e0 di operatore del sito Web, prendiamo sul serio la protezione dei dati personali. Tutte le informazioni personali sono trattate in modo confidenziale e in conformit\u00e0 con le normative legali attualmente in vigore.<\/p>\n<p>L&#8217;utilizzo del nostro sito Web \u00e8 possibile senza fornire dati personali. Tuttavia, se vengono richiesti dati personali (nome, indirizzo, indirizzo e-mail, ecc.), ci\u00f2 avviene su base volontaria. In nessun momento i dati raccolti da noi saranno trasmessi a terzi senza il tuo esplicito consenso.<\/p>\n<p>Si precisa che la trasmissione dei dati su Internet comporta sempre alcuni rischi residui.<\/p>\n<p>\u00a0<\/p>\n<h3><span style=\"color: #2b80be;\">2.\u00a0Informazioni, cancellazione, blocco<\/span><\/h3>\n<p>In qualsiasi momento \u00e8 possibile informarsi sui dati personali, sulla loro origine, sui destinatari nonch\u00e9 sui vantaggi del trattamento dei dati e richiedere gratuitamente la correzione, il blocco o la cancellazione di questi dati. Siamo inoltre disponibili in qualsiasi momento per ulteriori domande su questo argomento.<\/p>\n<h3><span style=\"color: #2b80be;\">3. File di registro del server<\/span><\/h3>\n<p>Il nostro provider del sito (Strato) raccoglie e archivia automaticamente i dati nei file di registro del server che vengono trasmessi dal browser. Questi dati includono: tipo\/versione del browser, sistema operativo del computer, URL del referrer, nome host del computer di accesso, data e ora della richiesta del server.<br \/>Questi dati non sono personali. Questi dati non vengono uniti ad altre origini dati. Se veniamo a conoscenza di indicazioni concrete di un uso illegale, ci riserviamo il diritto di verificare questi dati in modo retrospettivo.<\/p>\n<p>\u00a0<\/p>\n<h3><br \/><span style=\"color: #2b80be;\">4. Cookie<\/span><\/h3>\n<p>La maggior parte delle pagine Internet utilizza i cookie. Questi sono innocui per il tuo computer. Sono utilizzati per rendere le offerte per i visitatori del sito Web pi\u00f9 amichevoli, pi\u00f9 efficaci e pi\u00f9 sicure. I cookie sono piccoli file di testo che vengono memorizzati sul tuo computer e utilizzati dal tuo browser.<\/p>\n<p>Di solito utilizziamo i cosiddetti &#8222;cookie di sessione&#8220;. Questi vengono automaticamente cancellati dopo aver lasciato il nostro sito. Altri cookie rimangono memorizzati sul tuo computer fino a quando non li elimini. Questi cookie aiutano a riconoscere il tuo computer alla tua prossima visita.<\/p>\n<p>\u00c8 possibile utilizzare le impostazioni del browser per specificare che si deve essere informati sui nuovi cookie e che \u00e8 necessario accettare i cookie in ogni caso. Allo stesso modo, \u00e8 possibile escludere l&#8217;accettazione dei cookie per determinati casi o in generale o attivare la cancellazione automatica dei cookie alla chiusura del browser. Se i cookie sono disattivati, ci\u00f2 pu\u00f2 comportare limitazioni al nostro sito web.<\/p>\n<p>\u00a0<\/p>\n<h3><br \/><span style=\"color: #2b80be;\">5.\u00a0Modifica dell&#8217;informativa sulla privacy<\/span><\/h3>\n<p>Questa informativa sulla privacy pu\u00f2 essere modificata a intervalli irregolari al fine di soddisfare i requisiti legali vigenti o modifiche ai nostri servizi (ad es. aggiunta di ulteriori offerte). Alla tua visita si applica l&#8217;informativa sulla privacy attualmente in vigore.<\/p>\n<h3><span style=\"color: #2b80be;\">6. Contatto<\/span><\/h3>\n<p>Per domande sulla privacy inviare un messaggio a: martin.kuhn@aquacalculator.com con oggetto e-mail &#8222;Protezione dei dati&#8220;.<\/p>\n<p><\/p>\t\t\t\t\t\t\t\t<\/div>\n\t\t\t\t<\/div>\n\t\t\t\t\t<\/div>\n\t\t\t\t<\/div>\n\t\t\t\t<\/div>\n\t\t","protected":false},"excerpt":{"rendered":"<p>Responsabile ai sensi della legge sulla protezione dei dati: Martin Kuhn, Estinger Stra\u00dfe 2c, 81249 M\u00fcnchen Deutschland 1. Riservatezza In qualit\u00e0 di operatore del sito Web, prendiamo sul serio la protezione dei dati personali. Tutte le informazioni personali sono trattate in modo confidenziale e in conformit\u00e0 con le normative legali attualmente in vigore. L&#8217;utilizzo del &hellip;<\/p>\n<p class=\"read-more\"> <a class=\"\" href=\"https:\/\/www.aquacalculator.com\/wordpress\/datasecurity-it\/\"> <span class=\"screen-reader-text\">Dataprotection (IT)<\/span> Weiterlesen &raquo;<\/a><\/p>\n","protected":false},"author":2,"featured_media":0,"parent":0,"menu_order":0,"comment_status":"closed","ping_status":"open","template":"elementor_canvas","meta":{"_monsterinsights_skip_tracking":false,"_monsterinsights_sitenote_active":false,"_monsterinsights_sitenote_note":"","_monsterinsights_sitenote_category":0,"site-sidebar-layout":"default","site-content-layout":"default","ast-global-header-display":"","ast-banner-title-visibility":"","ast-main-header-display":"","ast-hfb-above-header-display":"","ast-hfb-below-header-display":"","ast-hfb-mobile-header-display":"","site-post-title":"","ast-breadcrumbs-content":"","ast-featured-img":"","footer-sml-layout":"","theme-transparent-header-meta":"","adv-header-id-meta":"","stick-header-meta":"","header-above-stick-meta":"","header-main-stick-meta":"","header-below-stick-meta":"","footnotes":""},"class_list":["post-3048","page","type-page","status-publish","hentry"],"_links":{"self":[{"href":"https:\/\/www.aquacalculator.com\/wordpress\/wp-json\/wp\/v2\/pages\/3048","targetHints":{"allow":["GET"]}}],"collection":[{"href":"https:\/\/www.aquacalculator.com\/wordpress\/wp-json\/wp\/v2\/pages"}],"about":[{"href":"https:\/\/www.aquacalculator.com\/wordpress\/wp-json\/wp\/v2\/types\/page"}],"author":[{"embeddable":true,"href":"https:\/\/www.aquacalculator.com\/wordpress\/wp-json\/wp\/v2\/users\/2"}],"replies":[{"embeddable":true,"href":"https:\/\/www.aquacalculator.com\/wordpress\/wp-json\/wp\/v2\/comments?post=3048"}],"version-history":[{"count":4,"href":"https:\/\/www.aquacalculator.com\/wordpress\/wp-json\/wp\/v2\/pages\/3048\/revisions"}],"predecessor-version":[{"id":3052,"href":"https:\/\/www.aquacalculator.com\/wordpress\/wp-json\/wp\/v2\/pages\/3048\/revisions\/3052"}],"wp:attachment":[{"href":"https:\/\/www.aquacalculator.com\/wordpress\/wp-json\/wp\/v2\/media?parent=3048"}],"curies":[{"name":"wp","href":"https:\/\/api.w.org\/{rel}","templated":true}]}}