{"id":3285,"date":"2023-08-07T21:06:21","date_gmt":"2023-08-07T19:06:21","guid":{"rendered":"https:\/\/www.aquacalculator.com\/wordpress\/?page_id=3285"},"modified":"2023-09-08T15:06:56","modified_gmt":"2023-09-08T13:06:56","slug":"imprint-es","status":"publish","type":"page","link":"https:\/\/www.aquacalculator.com\/wordpress\/imprint-es\/","title":{"rendered":"Imprint (ES)"},"content":{"rendered":"\t\t<div data-elementor-type=\"wp-page\" data-elementor-id=\"3285\" class=\"elementor elementor-3285\" data-elementor-post-type=\"page\">\n\t\t\t\t<div class=\"elementor-element elementor-element-0abed49 e-flex e-con-boxed e-con e-parent\" data-id=\"0abed49\" data-element_type=\"container\" data-e-type=\"container\">\n\t\t\t\t\t<div class=\"e-con-inner\">\n\t\t\t\t<div class=\"elementor-element elementor-element-8d9f26d elementor-widget elementor-widget-image\" data-id=\"8d9f26d\" data-element_type=\"widget\" data-e-type=\"widget\" data-widget_type=\"image.default\">\n\t\t\t\t\t\t\t\t\t\t\t\t\t\t\t<img fetchpriority=\"high\" decoding=\"async\" width=\"1024\" height=\"300\" src=\"https:\/\/www.aquacalculator.com\/wordpress\/wp-content\/uploads\/2023\/08\/Imprint_1024x300.jpg\" class=\"attachment-large size-large wp-image-2593\" alt=\"Imprint\" srcset=\"https:\/\/www.aquacalculator.com\/wordpress\/wp-content\/uploads\/2023\/08\/Imprint_1024x300.jpg 1024w, https:\/\/www.aquacalculator.com\/wordpress\/wp-content\/uploads\/2023\/08\/Imprint_1024x300-300x88.jpg 300w, https:\/\/www.aquacalculator.com\/wordpress\/wp-content\/uploads\/2023\/08\/Imprint_1024x300-768x225.jpg 768w\" sizes=\"(max-width: 1024px) 100vw, 1024px\" \/>\t\t\t\t\t\t\t\t\t\t\t\t\t\t\t<\/div>\n\t\t\t\t\t<\/div>\n\t\t\t\t<\/div>\n\t\t<div class=\"elementor-element elementor-element-51c3cb2 e-flex e-con-boxed e-con e-parent\" data-id=\"51c3cb2\" data-element_type=\"container\" data-e-type=\"container\">\n\t\t\t\t\t<div class=\"e-con-inner\">\n\t\t<div class=\"elementor-element elementor-element-97926aa e-con-full e-flex e-con e-parent\" data-id=\"97926aa\" data-element_type=\"container\" data-e-type=\"container\">\n\t\t\t\t<div class=\"elementor-element elementor-element-e99f0c2 elementor-widget elementor-widget-text-editor\" data-id=\"e99f0c2\" data-element_type=\"widget\" data-e-type=\"widget\" data-widget_type=\"text-editor.default\">\n\t\t\t\t\t\t\t\t\t<p><\/p>\n<p>Responsable del contenido de estas p\u00e1ginas: Martin Kuhn, Estinger Stra\u00dfe 2c, 81249 M\u00fcnchen Alemania, <a href=\"mailto:martin.kuhn@aquacalculator.com\">martin.kuhn@aquacalculator.com<\/a><\/p>\n<h4><span style=\"color: #2b80be;\">1. Limitaci\u00f3n de responsabilidad<\/span><\/h4>\n<p>Los contenidos de este sitio web se crean con el mayor cuidado posible. Sin embargo, el prestador no garantiza la exactitud, exhaustividad y actualidad de los contenidos facilitados. El uso de los contenidos del sitio web es bajo el propio riesgo del usuario. Las contribuciones identificadas por nombre reflejan la opini\u00f3n del autor respectivo y no siempre la opini\u00f3n del proveedor. La mera utilizaci\u00f3n del sitio web del prestador no constituye ning\u00fan tipo de relaci\u00f3n contractual entre el usuario y el prestador.<\/p>\n<h4><span style=\"color: #2b80be;\">2. Enlaces externos<\/span><\/h4>\n<p>Este sitio web contiene enlaces a sitios web de terceros (&#8222;enlaces externos&#8220;). Estos sitios web est\u00e1n sujetos a la responsabilidad de los respectivos operadores. Cuando se crearon los enlaces externos por primera vez, el proveedor verific\u00f3 el contenido de terceros en busca de violaciones legales. En ese momento, no se observaron violaciones legales. El proveedor no tiene ninguna influencia sobre el dise\u00f1o y el contenido actual y futuro de las p\u00e1ginas enlazadas. La inclusi\u00f3n de enlaces externos no implica que el prestador adopte como propio el contenido que se encuentra detr\u00e1s de la referencia o enlace. No es razonable que el proveedor monitoree constantemente los enlaces externos sin evidencia concreta de violaciones legales. Sin embargo, en caso de conocimiento de infracciones legales, dichos enlaces externos se eliminar\u00e1n de inmediato.<\/p>\n<h4><span style=\"color: #2b80be;\">3. Derechos de autor propios y derechos de autor accesorios<\/span><\/h4>\n<p>El contenido publicado en este sitio web est\u00e1 sujeto a derechos de autor alemanes y leyes de derechos de autor auxiliares. Cualquier uso no permitido por la ley alemana de derechos de autor y conexos requiere el consentimiento previo por escrito del proveedor o del respectivo titular de los derechos de autor. Esto se aplica en particular a la copia, edici\u00f3n, traducci\u00f3n, almacenamiento, procesamiento o reproducci\u00f3n de contenido en bases de datos u otros medios y sistemas electr\u00f3nicos. Los contenidos y derechos de terceros est\u00e1n se\u00f1alados como tales. La reproducci\u00f3n o distribuci\u00f3n no autorizada de contenido individual o p\u00e1ginas completas no est\u00e1 permitida y est\u00e1 penada por la ley. Solo se permite la producci\u00f3n de copias y descargas para uso personal, privado y no comercial.<\/p>\n<p>La visualizaci\u00f3n de este sitio web en marcos externos solo est\u00e1 permitida con permiso por escrito.<\/p>\n<p>\u00a0<\/p>\n<h4><br \/><span style=\"color: #2b80be;\">4. Infracci\u00f3n de los derechos de propiedad de otros<\/span><\/h4>\n<p>Si sospecha que este sitio web, o un programa o documentaci\u00f3n ofrecida en este sitio web, viola uno de sus derechos de propiedad, notif\u00edquenos inmediatamente por correo electr\u00f3nico para que podamos eliminar el elemento infractor en disputa sin demora. Tenga en cuenta: la participaci\u00f3n de un abogado que requiere mucho tiempo para emitir una notificaci\u00f3n de advertencia con costos para el propietario de este sitio web no corresponde a su voluntad real o presunta. Por lo tanto, los costos incurridos no son recuperables, p. en el contexto de la gesti\u00f3n sin mandato. Aviso para intentos de advertencia. En caso de que el contenido o la presentaci\u00f3n de estas p\u00e1ginas infrinja los derechos de terceros o las disposiciones legales, solicitamos el correspondiente mensaje sin cargo. Le garantizamos que los pasajes objetados con raz\u00f3n se eliminar\u00e1n de inmediato sin necesidad de que llame a un abogado. La participaci\u00f3n de un abogado para advertir al proveedor de servicios a un costo no corresponde a su voluntad real o presunta y, por lo tanto, representar\u00eda una violaci\u00f3n del \u00a7 13 p\u00e1rrafo 5 UWG debido a la b\u00fasqueda de objetivos extra\u00f1os como motivo dominante para el inicio del procedimiento, en particular, una intenci\u00f3n de lograr los costos como fuerza motriz real, as\u00ed como una violaci\u00f3n del deber de mitigar los da\u00f1os. No obstante, cualquier gasto en el que incurra sin contacto previo ser\u00e1 rechazado en su totalidad y, si es necesario, se presentar\u00e1 una reconvenci\u00f3n por violaci\u00f3n de las disposiciones aqu\u00ed mencionadas.<\/p>\n<h4><span style=\"color: #2b80be;\">5. Condiciones especiales de uso[2]<\/span><\/h4>\n<p>En la medida en que las condiciones especiales para usos individuales de este sitio web se desv\u00eden de los n\u00fameros anteriores, esto se indicar\u00e1 expresamente en el lugar apropiado. En este caso, se aplicar\u00e1n las condiciones especiales de uso en el caso individual respectivo.<\/p>\n<p>\u00a0<\/p>\n<p><\/p>\t\t\t\t\t\t\t\t<\/div>\n\t\t\t\t<\/div>\n\t\t\t\t\t<\/div>\n\t\t\t\t<\/div>\n\t\t\t\t<\/div>\n\t\t","protected":false},"excerpt":{"rendered":"<p>Responsable del contenido de estas p\u00e1ginas: Martin Kuhn, Estinger Stra\u00dfe 2c, 81249 M\u00fcnchen Alemania, martin.kuhn@aquacalculator.com 1. Limitaci\u00f3n de responsabilidad Los contenidos de este sitio web se crean con el mayor cuidado posible. Sin embargo, el prestador no garantiza la exactitud, exhaustividad y actualidad de los contenidos facilitados. El uso de los contenidos del sitio web &hellip;<\/p>\n<p class=\"read-more\"> <a class=\"\" href=\"https:\/\/www.aquacalculator.com\/wordpress\/imprint-es\/\"> <span class=\"screen-reader-text\">Imprint (ES)<\/span> Weiterlesen &raquo;<\/a><\/p>\n","protected":false},"author":2,"featured_media":0,"parent":0,"menu_order":0,"comment_status":"closed","ping_status":"open","template":"elementor_canvas","meta":{"_monsterinsights_skip_tracking":false,"_monsterinsights_sitenote_active":false,"_monsterinsights_sitenote_note":"","_monsterinsights_sitenote_category":0,"site-sidebar-layout":"default","site-content-layout":"default","ast-global-header-display":"","ast-banner-title-visibility":"","ast-main-header-display":"","ast-hfb-above-header-display":"","ast-hfb-below-header-display":"","ast-hfb-mobile-header-display":"","site-post-title":"","ast-breadcrumbs-content":"","ast-featured-img":"","footer-sml-layout":"","theme-transparent-header-meta":"","adv-header-id-meta":"","stick-header-meta":"","header-above-stick-meta":"","header-main-stick-meta":"","header-below-stick-meta":"","footnotes":""},"class_list":["post-3285","page","type-page","status-publish","hentry"],"_links":{"self":[{"href":"https:\/\/www.aquacalculator.com\/wordpress\/wp-json\/wp\/v2\/pages\/3285","targetHints":{"allow":["GET"]}}],"collection":[{"href":"https:\/\/www.aquacalculator.com\/wordpress\/wp-json\/wp\/v2\/pages"}],"about":[{"href":"https:\/\/www.aquacalculator.com\/wordpress\/wp-json\/wp\/v2\/types\/page"}],"author":[{"embeddable":true,"href":"https:\/\/www.aquacalculator.com\/wordpress\/wp-json\/wp\/v2\/users\/2"}],"replies":[{"embeddable":true,"href":"https:\/\/www.aquacalculator.com\/wordpress\/wp-json\/wp\/v2\/comments?post=3285"}],"version-history":[{"count":8,"href":"https:\/\/www.aquacalculator.com\/wordpress\/wp-json\/wp\/v2\/pages\/3285\/revisions"}],"predecessor-version":[{"id":3573,"href":"https:\/\/www.aquacalculator.com\/wordpress\/wp-json\/wp\/v2\/pages\/3285\/revisions\/3573"}],"wp:attachment":[{"href":"https:\/\/www.aquacalculator.com\/wordpress\/wp-json\/wp\/v2\/media?parent=3285"}],"curies":[{"name":"wp","href":"https:\/\/api.w.org\/{rel}","templated":true}]}}